{"id":940,"date":"2020-04-17T00:42:21","date_gmt":"2020-04-17T00:42:21","guid":{"rendered":"https:\/\/indonesiaproperty.investments\/pozemky-k-pronajmu\/"},"modified":"2020-04-17T00:42:22","modified_gmt":"2020-04-17T00:42:22","slug":"pozemky-k-pronajmu","status":"publish","type":"page","link":"https:\/\/indonesiaproperty.investments\/cs\/pozemky-k-pronajmu\/","title":{"rendered":"Pozemky k pron\u00e1jmu"},"content":{"rendered":"<div class=\"flex_column av_one_full  flex_column_div av-zero-column-padding first  avia-builder-el-0  avia-builder-el-no-sibling  \" style='border-radius:0px; '><section class=\"av_textblock_section \"  itemscope=\"itemscope\" itemtype=\"https:\/\/schema.org\/CreativeWork\" ><div class='avia_textblock  '   itemprop=\"text\" ><div class=\"wpl_property_listing_container \" id=\"wpl_property_listing_container\">\r\n\t    \r\n        <div class=\"wpl_plisting_top_sidebar_container\">\r\n        <aside id=\"wpl_search_widget-2\" class=\"widget widget_wpl_search_widget\"><div id=\"wpl_default_search_2\">\r\n    <form action=\"https:\/\/indonesiaproperty.investments\/cs\/vlastnosti\/\" id=\"wpl_search_form_2\" method=\"GET\" onsubmit=\"return wpl_do_search_2('wpl_searchwidget_2');\" class=\"wpl_search_from_box clearfix wpl_search_kind0 wpl-search-default \">\r\n\r\n        <!-- Do not change the ID -->\r\n        <div id=\"wpl_searchwidget_2\" class=\"clearfix\">\r\n                        <div class=\"wpl_search_from_box_top\">\r\n                <div class=\"wpl_search_field_container wpl_search_field_property_types wpl_search_field_container_3 multiple_type \" id=\"wpl2_search_field_container_3\" style=\"\"><label>Property Type<\/label><div class=\"wpl_searchwid_property_type_multiselect_container\">\r\n\t\t<select data-placeholder=\"Property Type\" class=\"wpl_search_widget_field_property_type wpl_searchmod_property_type_multiselect\" id=\"sf2_multiple_property_type\" name=\"sf2_multiple_property_type\" multiple=\"multiple\"><option class=\"wpl_pt_parent wpl_pt_parent15\" value=\"18\" >Hotel-Resort<\/option><option class=\"wpl_pt_parent wpl_pt_parent17\" value=\"14\" >Land<\/option><option class=\"wpl_pt_parent wpl_pt_parent16\" value=\"7\" >Villa<\/option><option class=\"wpl_pt_parent wpl_pt_parent17\" value=\"26\" >Development project<\/option><option class=\"wpl_pt_parent wpl_pt_parent17\" value=\"27\" >Island<\/option><\/select><\/div><\/div><div class=\"wpl_search_field_container wpl_search_field_listings wpl_search_field_container_2 multiple_type \" id=\"wpl2_search_field_container_2\" style=\"\"><label for=\"sf2_select_listing\">Listing Type<\/label><div class=\"wpl_searchwid_listing_multiselect_container\">\r\n\t\t<select data-placeholder=\"Listing Type\"  data-placeholder=\"Listing Type\" class=\"wpl_searchmod_listing_multiselect\" id=\"sf2_multiple_listing\" name=\"sf2_multiple_listing\" multiple=\"multiple\"><option value=\"9\" >For Sale<\/option><option value=\"14\" >For Rent<\/option><option value=\"17\" >For Lease<\/option><\/select><\/div><\/div><div class=\"wpl_search_field_container wpl_search_field_price wpl_search_field_container_6 minmax_slider_type \" id=\"wpl2_search_field_container_6\" style=\"\"><label>Price<\/label><input type=\"hidden\" class=\"wpl_search_widget_field_unit\" name=\"sf2_unit_price\" id=\"sf2_unit_price\" value=\"150\" \/><span class=\"wpl_search_slider_container wpl_listing_price_sale wpl-util-hidden\">\r\n                    <input type=\"hidden\" value=\"0\" name=\"sf2_min_price\" id=\"sf2_min_price_sale\" class=\"wpl_search_widget_price_field wpl-exclude-search-widget\" \/><input type=\"hidden\" value=\"1000000\" name=\"sf2_max_price\" id=\"sf2_max_price_sale\" class=\"wpl_search_widget_price_field wpl-exclude-search-widget\" \/>\r\n                    <span class=\"wpl_slider_show_value\" id=\"slider2_showvalue_price_sale\">0 - 1,000,000<\/span>\r\n                    <span class=\"wpl_span_block\" style=\"width: 92%; height: 20px;\"><span class=\"wpl_span_block\" id=\"slider2_range_price_sale\"><\/span><\/span>\r\n                    <\/span><span class=\"wpl_search_slider_container wpl_listing_price_rental \">\r\n                    <input type=\"hidden\" value=\"0\" name=\"sf2_min_price\" id=\"sf2_min_price_rental\" class=\"wpl_search_widget_price_field \" \/><input type=\"hidden\" value=\"1000000\" name=\"sf2_max_price\" id=\"sf2_max_price_rental\" class=\"wpl_search_widget_price_field \" \/>\r\n                    <span class=\"wpl_slider_show_value\" id=\"slider2_showvalue_price_rental\">0 - 1,000,000<\/span>\r\n                    <span class=\"wpl_span_block\" style=\"width: 92%; height: 20px;\"><span class=\"wpl_span_block\" id=\"slider2_range_price_rental\"><\/span><\/span>\r\n                    <\/span><\/div><div class=\"wpl_search_field_container wpl_search_field_locations wpl_search_field_container_41 multiselect_dropdown_type \" id=\"wpl2_search_field_container_41\" style=\"\"><label for=\"sf2_multiple_location2_name\">Island<\/label>\r\n        <select data-placeholder=\"Island\" multiple name=\"sf2_multiple_location2_name\" id=\"sf2_multiple_location2_name\" class=\"wpl_search_widget_field_41_select\"><option value=\"Bali\" >Bali<\/option><option value=\"Belitung\" >Belitung<\/option><option value=\"Lombok\" >Lombok<\/option><option value=\"Rote island\" >Rote island<\/option><option value=\"Sumba\" >Sumba<\/option><option value=\"West Papua\" >West Papua<\/option><\/select><label for=\"sf2_multiple_location3_name\">Regency<\/label>\r\n        <select data-placeholder=\"Regency\" multiple name=\"sf2_multiple_location3_name\" id=\"sf2_multiple_location3_name\" class=\"wpl_search_widget_field_41_select\"><option value=\"Belitung\" >Belitung<\/option><option value=\"Karangasem\" >Karangasem<\/option><option value=\"Kuning\" >Kuning<\/option><option value=\"Lombok\" >Lombok<\/option><option value=\"Rote Island\" >Rote Island<\/option><option value=\"Sumba\" >Sumba<\/option><option value=\"West Papua\" >West Papua<\/option><\/select><\/div>                                <div class=\"search_submit_box\">\r\n                    <input id=\"wpl_search_widget_submit2\" class=\"wpl_search_widget_submit\" data-widget-id=\"2\" data-ajax=\"0\" data-search-page=\"https:\/\/indonesiaproperty.investments\/cs\/vlastnosti\/\" data-kind=\"0\" data-nounce=\"63caa11d6c\" type=\"submit\" value=\"Search\"  \/>\r\n                                    <\/div>\r\n                                            <\/div>\r\n            <div class=\"wpl_search_from_box_bot\" id=\"wpl_search_from_box_bot2\">\r\n                            <\/div>\r\n        <\/div>\r\n            <\/form>\r\n<\/div>\r\n\r\n<\/aside>    <\/div>\r\n        \r\n        <div class=\"wpl_property_listing_list_view_container\">\r\n        \r\n<div class=\"wpl_sort_options_container\">\r\n\r\n            <div class=\"wpl_sort_options_container_title\">Sort Option<\/div>\r\n        <div class=\"wpl-sort-options-list active \"><ul><li><div class=\"wpl_plist_sort\" onclick=\"wpl_page_sortchange('wplorderby=p.price_si&amp;wplorder=DESC');\">Price<\/div><\/li><li><div class=\"wpl_plist_sort wpl_plist_sort_active sort_down\" onclick=\"wpl_page_sortchange('wplorderby=p.add_date&amp;wplorder=ASC');\">Add date<\/div><\/li><li><div class=\"wpl_plist_sort\" onclick=\"wpl_page_sortchange('wplorderby=p.property_type&amp;wplorder=DESC');\">Property Type<\/div><\/li><\/ul><\/div>\r\n        <span class=\"wpl-sort-options-selectbox  wpl-util-hidden\"><select class=\"wpl_plist_sort\" onchange=\"wpl_page_sortchange(this.value);\"><option value=\"wplorderby=p.price_si&amp;wplorder=DESC\" >Price descending<\/option><option value=\"wplorderby=p.price_si&amp;wplorder=ASC\" >Price ascending<\/option><option value=\"wplorderby=p.add_date&amp;wplorder=DESC\" selected=\"selected\">Add date descending<\/option><option value=\"wplorderby=p.add_date&amp;wplorder=ASC\" >Add date ascending<\/option><option value=\"wplorderby=p.property_type&amp;wplorder=DESC\" >Property Type descending<\/option><option value=\"wplorderby=p.property_type&amp;wplorder=ASC\" >Property Type ascending<\/option><\/select><\/span>\r\n        \r\n        <div class=\"wpl_list_grid_switcher \">\r\n        <div id=\"grid_view\" class=\"wpl-tooltip-top grid_view active\">\r\n                    <\/div>\r\n                    <div class=\"wpl-util-hidden\">Grid<\/div>\r\n        \r\n        <div id=\"list_view\" class=\"wpl-tooltip-top list_view \">\r\n                    <\/div>\r\n                    <div class=\"wpl-util-hidden\">List<\/div>\r\n        \r\n            <\/div>\r\n    \r\n        \r\n        <div class=\"wpl-print-rp-wp\">\r\n        <a class=\"wpl-print-rp-link\" href=\"#\" onclick=\"wpl_generate_print_rp();\"><span><i class=\"fa fa-print\"><\/i><\/span><\/a>\r\n    <\/div>\r\n        \r\n        \r\n    <\/div>\r\n\r\n<div class=\"wpl-row wpl-expanded wpl-small-up-1 wpl-medium-up-2 wpl-large-up-3  wpl_property_listing_listings_container clearfix\">\r\n\r\n    \r\n    \t<div class=\"wpl-column\">\r\n\t\t<div class=\"wpl_prp_cont wpl_prp_cont_old\r\n\t\t\tgrid_box\"\r\n\t\t\t id=\"wpl_prp_cont73\"\r\n\t\t\t  >\r\n\t\t\t<div class=\"wpl_prp_top\">\r\n\t\t\t\t<div class=\"wpl_prp_top_boxes front\">\r\n\t\t\t\t\t<div class=\"wpl_gallery_container\" id=\"wpl_gallery_container73\" >\r\n    <img decoding=\"async\"  id=\"wpl_gallery_image73_0\" src=\"https:\/\/indonesiaproperty.investments\/wp-content\/uploads\/WPL\/73\/thimg_20191010_153826_autox250.jpg\" class=\"wpl_gallery_image \" onclick=\"wpl_plisting_slider(0, 6, 73);\" alt=\"4 Are Land for lease, Jl. Melasti, Amed area, Karangasem, Bali\" title=\"4 Are Land for lease, Jl. Melasti, Amed area, Karangasem, Bali\" width=\"auto\" height=\"250\" style=\"width: autopx; height: 250px;\" \/><img decoding=\"async\"  id=\"wpl_gallery_image73_1\" src=\"https:\/\/indonesiaproperty.investments\/wp-content\/uploads\/WPL\/73\/thimg_20191010_153834_autox250.jpg\" class=\"wpl_gallery_image \" onclick=\"wpl_plisting_slider(1, 6, 73);\" alt=\"4 Are Land for lease, Jl. Melasti, Amed area, Karangasem, Bali\" title=\"4 Are Land for lease, Jl. Melasti, Amed area, Karangasem, Bali\" width=\"auto\" height=\"250\" style=\"width: autopx; height: 250px;\" \/><img decoding=\"async\"  id=\"wpl_gallery_image73_2\" src=\"https:\/\/indonesiaproperty.investments\/wp-content\/uploads\/WPL\/73\/thimg_20191010_153851-0-_autox250.jpg\" class=\"wpl_gallery_image \" onclick=\"wpl_plisting_slider(2, 6, 73);\" alt=\"4 Are Land for lease, Jl. Melasti, Amed area, Karangasem, Bali\" title=\"4 Are Land for lease, Jl. Melasti, Amed area, Karangasem, Bali\" width=\"auto\" height=\"250\" style=\"width: autopx; height: 250px;\" \/><img decoding=\"async\"  id=\"wpl_gallery_image73_3\" src=\"https:\/\/indonesiaproperty.investments\/wp-content\/uploads\/WPL\/73\/thimg_20191010_153955_autox250.jpg\" class=\"wpl_gallery_image \" onclick=\"wpl_plisting_slider(3, 6, 73);\" alt=\"4 Are Land for lease, Jl. Melasti, Amed area, Karangasem, Bali\" title=\"4 Are Land for lease, Jl. Melasti, Amed area, Karangasem, Bali\" width=\"auto\" height=\"250\" style=\"width: autopx; height: 250px;\" \/><img decoding=\"async\"  id=\"wpl_gallery_image73_4\" src=\"https:\/\/indonesiaproperty.investments\/wp-content\/uploads\/WPL\/73\/thimg_20191010_154139_autox250.jpg\" class=\"wpl_gallery_image \" onclick=\"wpl_plisting_slider(4, 6, 73);\" alt=\"4 Are Land for lease, Jl. Melasti, Amed area, Karangasem, Bali\" title=\"4 Are Land for lease, Jl. Melasti, Amed area, Karangasem, Bali\" width=\"auto\" height=\"250\" style=\"width: autopx; height: 250px;\" \/><img decoding=\"async\"  id=\"wpl_gallery_image73_5\" src=\"https:\/\/indonesiaproperty.investments\/wp-content\/uploads\/WPL\/73\/thimg_20191010_153751_autox250.jpg\" class=\"wpl_gallery_image \" onclick=\"wpl_plisting_slider(5, 6, 73);\" alt=\"4 Are Land for lease, Jl. Melasti, Amed area, Karangasem, Bali\" title=\"4 Are Land for lease, Jl. Melasti, Amed area, Karangasem, Bali\" width=\"auto\" height=\"250\" style=\"width: autopx; height: 250px;\" \/>    \r\n\t    \r\n<\/div>\t\t\t\t<\/div>\r\n\t\t\t\t<div class=\"wpl_prp_top_boxes back\">\r\n\t\t\t\t\t<a  id=\"prp_link_id_73\" href=\"https:\/\/indonesiaproperty.investments\/cs\/vlastnosti\/73-Land-Jl-Melasti-Amed-Bali-EUR24000\/\" class=\"view_detail\">More Details<\/a>\r\n\t\t\t\t<\/div>\r\n\t\t\t<\/div>\r\n\t\t\t<div class=\"wpl_prp_bot\">\r\n\r\n\t\t\t\t<a id=\"prp_link_id_73_view_detail\" href=\"https:\/\/indonesiaproperty.investments\/cs\/vlastnosti\/73-Land-Jl-Melasti-Amed-Bali-EUR24000\/\" class=\"view_detail\" title=\"400 m2 Pozemek na pron\u00e1jem, Jl. Melasti,  Amed, Karangasem, Bali\">\r\n\t\t\t\t\t<h3 class=\"wpl_prp_title\"\t > 400 m2 Pozemek na pron\u00e1jem, Jl. Melasti,  Amed, Karangasem, Bali<\/h3>\r\n\t\t\t\t<\/a>\r\n\r\n\t\t\t\t\t\t\t\t<h4 class=\"wpl_prp_listing_location\"><span   ><span >Jl. Melasti, Amed, Bali<\/span><\/span><\/h4>\r\n\t\t\t\t\t\t\t\t<div class=\"wpl_prp_listing_icon_box\">\r\n\t\t\t\t\t<div class=\"pic_count\"><span class=\"value\">6<\/span><span class=\"name\">Picture(s)<\/span><\/div><div class=\"built_up_area\">400<span>m&sup2;<\/span><\/div>\t\t\t\t\t\t\t\t\t<\/div>\r\n\t\t\t\t<div class=\"wpl_prp_desc\" >400 m2 pozemek na pron\u00e1jem 10 let, Jl. Melasti - Amed \u2013 Karangasem,\u00a0na v\u00fdchodn\u00edm pob\u0159e\u017e\u00ed ostrova Bali.Tento kr\u00e1sn\u00fd pozemek je usazen uprost\u0159ed tropick\u00e9 vegetace s \u00fachvatn\u00fdm v\u00fdhledem na horu Agung, pouh\u00fdch 100 m od pl\u00e1\u017ee.P\u0159\u00edstupov\u00e1 cesta, elektrick\u00e1 p\u0159\u00edpojka, voda. \u00a0Skv\u011bl\u00e1 investice!Velikost pozemku: 400 m2Celkov\u00e1 cena: 24.000 EUR (680.<\/div>\r\n\t\t\t<\/div>\r\n\t\t\t<div class=\"price_box\"  >\r\n\t\t\t\t<span >\u20ac24.000 Per 10 Years<\/span>\r\n\t\t\t<\/div>\r\n\r\n\t\t\t\t\t<\/div>\r\n\t<\/div>\r\n\t\r\n<\/div>\r\n\r\n<div class=\"wpl_pagination_container\">\r\n    <ul class=\"pagination\"><\/ul>\n<span class=\"wpl_total_result\">1 Results returned.<\/span><span class=\"wpl_page_size\"><span class=\"wpl_page_size_title\">Per Page <\/span><select class=\"wpl_page_size_options\" onchange=\"wpl_pagesize_changed(this.value);\"><option value=\"6\" >6<\/option><option value=\"12\" selected=\"selected\">12<\/option><option value=\"18\" >18<\/option><option value=\"24\" >24<\/option><option value=\"30\" >30<\/option><option value=\"100\" >100<\/option><\/select><\/span><\/div>\r\n    <\/div>\r\n    \r\n        <div id=\"wpl_plisting_lightbox_content_container\" class=\"wpl-util-hidden\"><\/div>\r\n\r\n        <a id=\"wpl_favorites_lightbox\" class=\"wpl-util-hidden\" data-realtyna-href=\"#wpl_plisting_lightbox_content_container\" data-realtyna-lightbox-opts=\"title:Login to continue\"><\/a>\r\n\r\n<\/div>\r\n\r\n\r\n\n<\/div><\/section><\/div>\n","protected":false},"excerpt":{"rendered":"","protected":false},"author":1,"featured_media":0,"parent":0,"menu_order":0,"comment_status":"closed","ping_status":"closed","template":"","meta":{"footnotes":""},"class_list":["post-940","page","type-page","status-publish","hentry"],"_links":{"self":[{"href":"https:\/\/indonesiaproperty.investments\/cs\/wp-json\/wp\/v2\/pages\/940","targetHints":{"allow":["GET"]}}],"collection":[{"href":"https:\/\/indonesiaproperty.investments\/cs\/wp-json\/wp\/v2\/pages"}],"about":[{"href":"https:\/\/indonesiaproperty.investments\/cs\/wp-json\/wp\/v2\/types\/page"}],"author":[{"embeddable":true,"href":"https:\/\/indonesiaproperty.investments\/cs\/wp-json\/wp\/v2\/users\/1"}],"replies":[{"embeddable":true,"href":"https:\/\/indonesiaproperty.investments\/cs\/wp-json\/wp\/v2\/comments?post=940"}],"version-history":[{"count":1,"href":"https:\/\/indonesiaproperty.investments\/cs\/wp-json\/wp\/v2\/pages\/940\/revisions"}],"predecessor-version":[{"id":941,"href":"https:\/\/indonesiaproperty.investments\/cs\/wp-json\/wp\/v2\/pages\/940\/revisions\/941"}],"wp:attachment":[{"href":"https:\/\/indonesiaproperty.investments\/cs\/wp-json\/wp\/v2\/media?parent=940"}],"curies":[{"name":"wp","href":"https:\/\/api.w.org\/{rel}","templated":true}]}}