{"id":556,"date":"2018-06-11T07:36:15","date_gmt":"2018-06-11T07:36:15","guid":{"rendered":"https:\/\/indonesiaproperty.investments\/ochrana-osobnich-udaju\/"},"modified":"2018-06-11T07:36:17","modified_gmt":"2018-06-11T07:36:17","slug":"ochrana-osobnich-udaju","status":"publish","type":"page","link":"https:\/\/indonesiaproperty.investments\/cs\/ochrana-osobnich-udaju\/","title":{"rendered":"ochrana osobn\u00edch \u00fadaj\u016f"},"content":{"rendered":"<section class=\"av_textblock_section \"  itemscope=\"itemscope\" itemtype=\"https:\/\/schema.org\/CreativeWork\" ><div class='avia_textblock  '   itemprop=\"text\" ><p><strong>Z\u00e1sady zpracov\u00e1n\u00ed a ochrana osobn\u00edch \u00fadaj\u016f<\/strong><\/p>\n<p>Pokud jste na\u0161im z\u00e1kazn\u00edkem, odb\u011bratelem novinek nebo n\u00e1v\u0161t\u011bvn\u00edkem webu, sv\u011b\u0159ujete n\u00e1m sv\u00e9 osobn\u00ed \u00fadaje. My zodpov\u00edd\u00e1me za jejich ochranu a zabezpe\u010den\u00ed. Seznamte se, pros\u00edme, s ochranou osobn\u00edch \u00fadaj\u016f, z\u00e1sadami a pr\u00e1vy, kter\u00e9 m\u00e1te v souvislosti s GDPR (Na\u0159\u00edzen\u00ed o ochran\u011b osobn\u00edch \u00fadaj\u016f).<\/p>\n<p><strong>Kdo je spr\u00e1vce?<\/strong><\/p>\n<p>Ing. Alena Hintnausov\u00e1, se s\u00eddlem T\u0159eb\u00edzsk\u00e9ho 165, 274 01 Slan\u00fd, I\u010c: 608 48 910, zapsan\u00e1 Obecn\u00ed \u017eivnostensk\u00fd \u00fa\u0159ad \u010cesk\u00e9 Bud\u011bjovice \u010c.j.: \u017d-01\/06\/02389 Ev. \u010d. : 330101-15324. Va\u0161e osobn\u00ed \u00fadaje zpracov\u00e1v\u00e1me jako spr\u00e1vce, tj. ur\u010dujeme, jak budou osobn\u00ed \u00fadaje zpracov\u00e1v\u00e1ny a za jak\u00fdm \u00fa\u010delem, po jak dlouhou dobu a vyb\u00edr\u00e1me p\u0159\u00edpadn\u00e9 dal\u0161\u00ed zpracovatele, kte\u0159\u00ed n\u00e1m se zpracov\u00e1n\u00edm budou pom\u00e1hat.<\/p>\n<p><strong>Kontaktn\u00ed \u00fadaje<\/strong><\/p>\n<p>Pokud se na n\u00e1s budete cht\u00edt v pr\u016fb\u011bhu zpracov\u00e1n\u00ed obr\u00e1tit, m\u016f\u017eete n\u00e1s kontaktovat na e-mailu: alena.hintnausova@seznam.cz.<\/p>\n<p><strong>Prohla\u0161ujeme<\/strong><\/p>\n<p>Prohla\u0161ujeme, \u017ee jako spr\u00e1vce va\u0161ich osobn\u00edch \u00fadaj\u016f spl\u0148ujeme ve\u0161ker\u00e9 z\u00e1konn\u00e9 povinnosti vy\u017eadovan\u00e9 platnou legislativou, zejm\u00e9na z\u00e1konem o ochran\u011b osobn\u00edch \u00fadaj\u016f a GDPR, a tedy \u017ee: budeme zpracov\u00e1vat va\u0161e osobn\u00ed \u00fadaje jen na z\u00e1klad\u011b platn\u00e9ho pr\u00e1vn\u00edho d\u016fvodu, a to p\u0159edev\u0161\u00edm opr\u00e1vn\u011bn\u00e9ho z\u00e1jmu, pln\u011bn\u00ed smlouvy, z\u00e1konn\u00e9 povinnosti \u010di ud\u011blen\u00e9ho souhlasu, pln\u00edme dle \u010dl\u00e1nku 13 GDPR informa\u010dn\u00ed povinnost je\u0161t\u011b p\u0159ed zah\u00e1jen\u00edm zpracov\u00e1n\u00ed osobn\u00edch \u00fadaj\u016f, umo\u017en\u00edme v\u00e1m a budeme v\u00e1s podporovat v uplat\u0148ov\u00e1n\u00ed a pln\u011bn\u00ed va\u0161ich pr\u00e1v podle z\u00e1kona o ochran\u011b osobn\u00edch \u00fadaj\u016f a GDPR.<\/p>\n<p><strong>Rozsah osobn\u00edch \u00fadaj\u016f a \u00fa\u010dely zpracov\u00e1n\u00ed<\/strong><\/p>\n<p>Zpracov\u00e1v\u00e1me osobn\u00ed \u00fadaje, kter\u00e9 n\u00e1m sv\u011b\u0159\u00edte sami, a to z n\u00e1sleduj\u00edc\u00edch d\u016fvod\u016f (pro napln\u011bn\u00ed t\u011bchto \u00fa\u010del\u016f):<\/p>\n<p>* poskytov\u00e1n\u00ed slu\u017eeb, pln\u011bn\u00ed smlouvy<\/p>\n<p>Va\u0161e osobn\u00ed \u00fadaje v rozsahu: e-mail, tel. \u010d\u00edslo, jm\u00e9no nezbytn\u011b pot\u0159ebujeme k pln\u011bn\u00ed smlouvy (nap\u0159. zasl\u00e1n\u00ed report\u016f, dal\u0161\u00edch informac\u00ed, atd.<\/p>\n<p>* veden\u00ed \u00fa\u010detnictv\u00ed<\/p>\n<p>Jste-li z\u00e1kazn\u00edky, va\u0161e osobn\u00ed \u00fadaje (faktura\u010dn\u00ed \u00fadaje) nezbytn\u011b pot\u0159ebujeme, abychom vyhov\u011bli z\u00e1konn\u00e9 povinnosti pro vystavov\u00e1n\u00ed a evidenci da\u0148ov\u00fdch doklad\u016f.<\/p>\n<p>* marketing \u2013 zas\u00edl\u00e1n\u00ed nab\u00eddek a novinek<\/p>\n<p>Va\u0161e osobn\u00ed \u00fadaje (e-mail a jm\u00e9no) vyu\u017e\u00edv\u00e1me za \u00fa\u010delem p\u0159\u00edm\u00e9ho marketingu \u2013 zas\u00edl\u00e1n\u00ed obchodn\u00edch sd\u011blen\u00ed.<\/p>\n<p>Jste-li na\u0161\u00edm z\u00e1kazn\u00edkem, d\u011bl\u00e1me tak z opr\u00e1vn\u011bn\u00e9ho z\u00e1jmu, nebo\u0165 d\u016fvodn\u011b p\u0159edpokl\u00e1d\u00e1me, \u017ee v\u00e1s na\u0161e novinky zaj\u00edmaj\u00ed. Pokud nejste na\u0161\u00edm z\u00e1kazn\u00edkem, zas\u00edl\u00e1me v\u00e1m newslettery jen na z\u00e1klad\u011b va\u0161eho souhlasu.<\/p>\n<p>V obou p\u0159\u00edpadech m\u016f\u017eete tento souhlas odvolat pou\u017eit\u00edm odhla\u0161ovac\u00edho odkazu v ka\u017ed\u00e9m zaslan\u00e9m e-mailu.<\/p>\n<p>Va\u0161e osobn\u00ed \u00fadaje si ponech\u00e1v\u00e1me po dobu b\u011bhu proml\u010dec\u00edch lh\u016ft, pokud z\u00e1kon nestanov\u00ed del\u0161\u00ed dobu k jejich uchov\u00e1n\u00ed nebo jsme v konkr\u00e9tn\u00edch p\u0159\u00edpadech neuvedli jinak.<\/p>\n<p><strong>Zabezpe\u010den\u00ed a ochrana osobn\u00edch \u00fadaj\u016f<\/strong><\/p>\n<p>Chr\u00e1n\u00edme osobn\u00ed \u00fadaje v maxim\u00e1ln\u00ed mo\u017en\u00e9 m\u00ed\u0159e pomoc\u00ed modern\u00edch technologi\u00ed, kter\u00e9 odpov\u00eddaj\u00ed stupni technick\u00e9ho rozvoje. Chr\u00e1n\u00edme je, jako by byly na\u0161e vlastn\u00ed. P\u0159ijali jsme a<\/p>\n<p>udr\u017eujeme ve\u0161ker\u00e1 mo\u017en\u00e1 (aktu\u00e1ln\u011b zn\u00e1m\u00e1) technick\u00e1 a organiza\u010dn\u00ed opat\u0159en\u00ed, kter\u00e1 zamezuj\u00ed zneu\u017eit\u00ed, po\u0161kozen\u00ed nebo zni\u010den\u00ed va\u0161ich osobn\u00edch \u00fadaj\u016f.<\/p>\n<p><strong>P\u0159ed\u00e1n\u00ed osobn\u00edch \u00fadaj\u016f t\u0159et\u00edm osob\u00e1m<\/strong><\/p>\n<p>K va\u0161im osobn\u00edm \u00fadaj\u016fm maj\u00ed p\u0159\u00edstup na\u0161i zam\u011bstnanci a spolupracovn\u00edci. Pro zaji\u0161t\u011bn\u00ed konkr\u00e9tn\u00edch zpracovatelsk\u00fdch operac\u00ed, kter\u00e9 nedok\u00e1\u017eeme zajistit vlastn\u00edmi silami, vyu\u017e\u00edv\u00e1me slu\u017eeb a aplikac\u00ed zpracovatel\u016f, kte\u0159\u00ed um\u00ed data ochr\u00e1nit je\u0161t\u011b l\u00e9pe ne\u017e my, a na dan\u00e9 zpracov\u00e1n\u00ed se specializuj\u00ed. P\u0159i v\u00fdb\u011bru zpracovatele klademe minim\u00e1ln\u011b stejn\u00e9 n\u00e1roky na zabezpe\u010den\u00ed a kvalitu zpracov\u00e1n\u00ed osobn\u00edch \u00fadaj\u016f, kter\u00e9 zabezpe\u010dujeme i my.<\/p>\n<p><strong>P\u0159ed\u00e1v\u00e1n\u00ed dat mimo Evropskou unii<\/strong><\/p>\n<p>Data zpracov\u00e1v\u00e1me v\u00fdhradn\u011b v Evropsk\u00e9 unii nebo v zem\u00edch, kter\u00e9 zaji\u0161\u0165uj\u00ed odpov\u00eddaj\u00edc\u00ed \u00farove\u0148 ochrany na z\u00e1klad\u011b rozhodnut\u00ed Evropsk\u00e9 komise.<br \/>\n<strong><br \/>\nVa\u0161e pr\u00e1va v souvislosti s ochranou osobn\u00edch \u00fadaj\u016f<\/strong><\/p>\n<p>V souvislosti s ochranou osobn\u00edch \u00fadaj\u016f m\u00e1te \u0159adu pr\u00e1v. Pokud budete cht\u00edt n\u011bkter\u00e9ho z t\u011bchto pr\u00e1v vyu\u017e\u00edt, pros\u00edm, kontaktujte n\u00e1s prost\u0159ednictv\u00edm e-mailu: alena.hintnausova@seznam.cz.<\/p>\n<p>D\u00edky pr\u00e1vu na p\u0159\u00edstup n\u00e1s m\u016f\u017eete kdykoli vyzvat a my v\u00e1m dolo\u017e\u00edm ve lh\u016ft\u011b 5 pracovn\u00edch dn\u00ed, jak\u00e9 va\u0161e osobn\u00ed \u00fadaje zpracov\u00e1v\u00e1me a pro\u010d.<\/p>\n<p>Pokud se u v\u00e1s n\u011bco zm\u011bn\u00ed nebo shled\u00e1te sv\u00e9 osobn\u00ed \u00fadaje neaktu\u00e1ln\u00ed nebo ne\u00fapln\u00e9, m\u00e1te pr\u00e1vo na dopln\u011bn\u00ed a zm\u011bnu osobn\u00edch \u00fadaj\u016f.<\/p>\n<p>Pr\u00e1vo na omezen\u00ed zpracov\u00e1n\u00ed m\u016f\u017eete vyu\u017e\u00edt, pokud se domn\u00edv\u00e1te, \u017ee zpracov\u00e1v\u00e1me va\u0161e nep\u0159esn\u00e9 \u00fadaje, domn\u00edv\u00e1te se, \u017ee prov\u00e1d\u00edme zpracov\u00e1n\u00ed nez\u00e1konn\u011b, ale nechcete v\u0161echny \u00fadaje smazat nebo pokud jste vznesl n\u00e1mitku proti zpracov\u00e1n\u00ed.<\/p>\n<p>Omezit m\u016f\u017eete rozsah osobn\u00edch \u00fadaj\u016f nebo \u00fa\u010del\u016f zpracov\u00e1n\u00ed. (Nap\u0159. odhl\u00e1\u0161en\u00edm z newsletteru omezujete \u00fa\u010del zpracov\u00e1n\u00ed pro zas\u00edl\u00e1n\u00ed obchodn\u00edch sd\u011blen\u00ed.)<\/p>\n<p><strong>Pr\u00e1vo na p\u0159enositelnost<\/strong><\/p>\n<p>Pokud byste cht\u011bli sv\u00e9 osobn\u00ed \u00fadaje vz\u00edt a p\u0159en\u00e9st k n\u011bkomu jin\u00e9mu, budeme postupovat stejn\u011b jako p\u0159i vyu\u017eit\u00ed pr\u00e1va na p\u0159\u00edstup \u2013 jen s t\u00edm rozd\u00edlem, \u017ee v\u00e1m informace dod\u00e1me ve strojov\u011b \u010diteln\u00e9 podob\u011b. Tady pot\u0159ebujeme alespo\u0148 10 dn\u00ed.<\/p>\n<p><strong>Pr\u00e1vo na v\u00fdmaz (b\u00fdt zapomenut)<\/strong><\/p>\n<p>Va\u0161\u00edm dal\u0161\u00edm pr\u00e1vem je pr\u00e1vo na v\u00fdmaz (b\u00fdt zapomenut). Nechceme na v\u00e1s zapomenout, ale pokud si to budete p\u0159\u00e1t, m\u00e1te na to pr\u00e1vo. V takov\u00e9m p\u0159\u00edpad\u011b vyma\u017eeme ve\u0161ker\u00e9 va\u0161e osobn\u00ed \u00fadaje z na\u0161eho syst\u00e9mu i ze syst\u00e9mu v\u0161ech d\u00edl\u010d\u00edch zpracovatel\u016f a z\u00e1loh. Na zaji\u0161t\u011bn\u00ed pr\u00e1va na v\u00fdmaz pot\u0159ebujeme 10 pracovn\u00edch dn\u00ed. V n\u011bkter\u00fdch p\u0159\u00edpadech jsme v\u00e1z\u00e1ni z\u00e1konnou povinnost\u00ed, a nap\u0159. mus\u00edm evidovat vystaven\u00e9 da\u0148ov\u00e9 doklady po lh\u016ftu stanovenou z\u00e1konem. V tomto p\u0159\u00edpad\u011b tedy sma\u017eeme v\u0161echny takov\u00e9 osobn\u00ed \u00fadaje, kter\u00e9 nejsou v\u00e1z\u00e1ny jin\u00fdm z\u00e1konem. O dokon\u010den\u00ed v\u00fdmazu v\u00e1s budeme informovat na e-mail.<\/p>\n<p><strong>St\u00ed\u017enost u \u00da\u0159adu na ochranu osobn\u00edch \u00fadaj\u016f<\/strong><\/p>\n<p>Pokud m\u00e1te pocit, \u017ee s va\u0161imi \u00fadaji nezach\u00e1z\u00edme v souladu se z\u00e1konem, m\u00e1te pr\u00e1vo se se svou st\u00ed\u017enost\u00ed kdykoli obr\u00e1tit na \u00da\u0159ad pro ochranu osobn\u00edch \u00fadaj\u016f. Budeme moc r\u00e1di, pokud nejprve budete o tomto podez\u0159en\u00ed informovat n\u00e1s, abychom s t\u00edm mohli n\u011bco ud\u011blat a p\u0159\u00edpadn\u00e9 pochyben\u00ed napravit.<\/p>\n<p><strong>Odhl\u00e1\u0161en\u00ed ze zas\u00edl\u00e1n\u00ed newsletter\u016f a obchodn\u00edch sd\u011blen\u00ed<\/strong><\/p>\n<p>E-maily s inspirac\u00ed, \u010dl\u00e1nky \u010di produkty a slu\u017ebami v\u00e1m zas\u00edl\u00e1me, jste-li n\u00e1\u0161 z\u00e1kazn\u00edk na z\u00e1klad\u011b na\u0161eho opr\u00e1vn\u011bn\u00e9ho z\u00e1jmu. Pokud z\u00e1kazn\u00edkem je\u0161t\u011b nejste, pos\u00edl\u00e1me v\u00e1m je jen na z\u00e1klad\u011b va\u0161eho souhlasu. V obou p\u0159\u00edpadech m\u016f\u017eete ukon\u010dit odb\u011br na\u0161ich e-mail\u016f zasl\u00e1n\u00edm odhla\u0161ovac\u00ed zpr\u00e1vy na kontaktn\u00ed e-mail: alena.hintnausova@seznam.cz.<\/p>\n<p><strong>Ml\u010denlivost<\/strong><\/p>\n<p>Dovolujeme si V\u00e1s ujistit, \u017ee na\u0161i zam\u011bstnanci i spolupracovn\u00edci, kte\u0159\u00ed budou zpracov\u00e1vat va\u0161e osobn\u00ed \u00fadaje, jsou povinni zachov\u00e1vat ml\u010denlivost o osobn\u00edch \u00fadaj\u00edch a o bezpe\u010dnostn\u00edch opat\u0159en\u00edch, jejich\u017e zve\u0159ejn\u011bn\u00ed by ohrozilo zabezpe\u010den\u00ed va\u0161ich osobn\u00edch \u00fadaj\u016f. Tato ml\u010denlivost p\u0159itom trv\u00e1 i po skon\u010den\u00ed z\u00e1vazkov\u00fdch vztah\u016f s n\u00e1mi. Bez va\u0161eho souhlasu nebudou va\u0161e osobn\u00ed \u00fadaje vyd\u00e1ny \u017e\u00e1dn\u00e9 jin\u00e9 t\u0159et\u00ed stran\u011b. Tyto z\u00e1sady zpracov\u00e1n\u00ed osobn\u00edch \u00fadaj\u016f plat\u00ed od 25. 5. 2018 a nahrazuj\u00ed p\u0159edchoz\u00ed Ochranu osobn\u00edch \u00fadaj\u016f.<\/p>\n<\/div><\/section>\n","protected":false},"excerpt":{"rendered":"","protected":false},"author":1,"featured_media":0,"parent":0,"menu_order":0,"comment_status":"closed","ping_status":"closed","template":"","meta":{"footnotes":""},"class_list":["post-556","page","type-page","status-publish","hentry"],"_links":{"self":[{"href":"https:\/\/indonesiaproperty.investments\/cs\/wp-json\/wp\/v2\/pages\/556","targetHints":{"allow":["GET"]}}],"collection":[{"href":"https:\/\/indonesiaproperty.investments\/cs\/wp-json\/wp\/v2\/pages"}],"about":[{"href":"https:\/\/indonesiaproperty.investments\/cs\/wp-json\/wp\/v2\/types\/page"}],"author":[{"embeddable":true,"href":"https:\/\/indonesiaproperty.investments\/cs\/wp-json\/wp\/v2\/users\/1"}],"replies":[{"embeddable":true,"href":"https:\/\/indonesiaproperty.investments\/cs\/wp-json\/wp\/v2\/comments?post=556"}],"version-history":[{"count":1,"href":"https:\/\/indonesiaproperty.investments\/cs\/wp-json\/wp\/v2\/pages\/556\/revisions"}],"predecessor-version":[{"id":557,"href":"https:\/\/indonesiaproperty.investments\/cs\/wp-json\/wp\/v2\/pages\/556\/revisions\/557"}],"wp:attachment":[{"href":"https:\/\/indonesiaproperty.investments\/cs\/wp-json\/wp\/v2\/media?parent=556"}],"curies":[{"name":"wp","href":"https:\/\/api.w.org\/{rel}","templated":true}]}}