{"id":212,"date":"2018-04-24T02:03:08","date_gmt":"2018-04-24T02:03:08","guid":{"rendered":"https:\/\/indonesiaproperty.investments\/development-project\/"},"modified":"2018-06-13T09:16:59","modified_gmt":"2018-06-13T09:16:59","slug":"projekty","status":"publish","type":"page","link":"https:\/\/indonesiaproperty.investments\/cs\/projekty\/","title":{"rendered":"Developersk\u00e9 projekty"},"content":{"rendered":"<div id='av_section_1'  class='avia-section main_color avia-section-default avia-no-border-styling avia-bg-style-scroll  avia-builder-el-0  el_before_av_one_full  avia-builder-el-first   av-minimum-height av-minimum-height-custom  container_wrap fullsize' style='background-repeat: no-repeat; background-image: url(https:\/\/indonesiaproperty.investments\/wp-content\/uploads\/2018\/06\/Batu_Kori_0002hh2.jpg);background-attachment: scroll; background-position: bottom left;  '  data-section-bg-repeat='no-repeat'><div class='container' style='height:200px'><main  role=\"main\" itemprop=\"mainContentOfPage\"  class='template-page content  av-content-full alpha units'><div class='post-entry post-entry-type-page post-entry-212'><div class='entry-content-wrapper clearfix'><\/div><\/div><\/main><!-- close content main element --><\/div><\/div><div id='after_section_1'  class='main_color av_default_container_wrap container_wrap fullsize' style=' '  ><div class='container' ><div class='template-page content  av-content-full alpha units'><div class='post-entry post-entry-type-page post-entry-212'><div class='entry-content-wrapper clearfix'>\n<div class=\"flex_column av_one_full  flex_column_div av-zero-column-padding first  avia-builder-el-1  el_after_av_section  avia-builder-el-no-sibling  \" style='border-radius:0px; '><section class=\"av_textblock_section \"  itemscope=\"itemscope\" itemtype=\"https:\/\/schema.org\/CreativeWork\" ><div class='avia_textblock  '   itemprop=\"text\" ><div class=\"wpl_property_listing_container \" id=\"wpl_property_listing_container\">\r\n\t    \r\n        <div class=\"wpl_plisting_top_sidebar_container\">\r\n        <aside id=\"wpl_search_widget-2\" class=\"widget widget_wpl_search_widget\"><div id=\"wpl_default_search_2\">\r\n    <form action=\"https:\/\/indonesiaproperty.investments\/cs\/vlastnosti\/\" id=\"wpl_search_form_2\" method=\"GET\" onsubmit=\"return wpl_do_search_2('wpl_searchwidget_2');\" class=\"wpl_search_from_box clearfix wpl_search_kind0 wpl-search-default \">\r\n\r\n        <!-- Do not change the ID -->\r\n        <div id=\"wpl_searchwidget_2\" class=\"clearfix\">\r\n                        <div class=\"wpl_search_from_box_top\">\r\n                <div class=\"wpl_search_field_container wpl_search_field_property_types wpl_search_field_container_3 multiple_type \" id=\"wpl2_search_field_container_3\" style=\"\"><label>Property Type<\/label><div class=\"wpl_searchwid_property_type_multiselect_container\">\r\n\t\t<select data-placeholder=\"Property Type\" class=\"wpl_search_widget_field_property_type wpl_searchmod_property_type_multiselect\" id=\"sf2_multiple_property_type\" name=\"sf2_multiple_property_type\" multiple=\"multiple\"><option class=\"wpl_pt_parent wpl_pt_parent15\" value=\"18\" >Hotel-Resort<\/option><option class=\"wpl_pt_parent wpl_pt_parent17\" value=\"14\" >Land<\/option><option class=\"wpl_pt_parent wpl_pt_parent16\" value=\"7\" >Villa<\/option><option class=\"wpl_pt_parent wpl_pt_parent17\" value=\"26\" >Development project<\/option><option class=\"wpl_pt_parent wpl_pt_parent17\" value=\"27\" >Island<\/option><\/select><\/div><\/div><div class=\"wpl_search_field_container wpl_search_field_listings wpl_search_field_container_2 multiple_type \" id=\"wpl2_search_field_container_2\" style=\"\"><label for=\"sf2_select_listing\">Listing Type<\/label><div class=\"wpl_searchwid_listing_multiselect_container\">\r\n\t\t<select data-placeholder=\"Listing Type\"  data-placeholder=\"Listing Type\" class=\"wpl_searchmod_listing_multiselect\" id=\"sf2_multiple_listing\" name=\"sf2_multiple_listing\" multiple=\"multiple\"><option value=\"9\" >For Sale<\/option><option value=\"14\" >For Rent<\/option><option value=\"17\" >For Lease<\/option><\/select><\/div><\/div><div class=\"wpl_search_field_container wpl_search_field_price wpl_search_field_container_6 minmax_slider_type \" id=\"wpl2_search_field_container_6\" style=\"\"><label>Price<\/label><input type=\"hidden\" class=\"wpl_search_widget_field_unit\" name=\"sf2_unit_price\" id=\"sf2_unit_price\" value=\"150\" \/><span class=\"wpl_search_slider_container wpl_listing_price_sale \">\r\n                    <input type=\"hidden\" value=\"0\" name=\"sf2_min_price\" id=\"sf2_min_price_sale\" class=\"wpl_search_widget_price_field \" \/><input type=\"hidden\" value=\"1000000\" name=\"sf2_max_price\" id=\"sf2_max_price_sale\" class=\"wpl_search_widget_price_field \" \/>\r\n                    <span class=\"wpl_slider_show_value\" id=\"slider2_showvalue_price_sale\">0 - 1,000,000<\/span>\r\n                    <span class=\"wpl_span_block\" style=\"width: 92%; height: 20px;\"><span class=\"wpl_span_block\" id=\"slider2_range_price_sale\"><\/span><\/span>\r\n                    <\/span><span class=\"wpl_search_slider_container wpl_listing_price_rental wpl-util-hidden\">\r\n                    <input type=\"hidden\" value=\"0\" name=\"sf2_min_price\" id=\"sf2_min_price_rental\" class=\"wpl_search_widget_price_field wpl-exclude-search-widget\" \/><input type=\"hidden\" value=\"1000000\" name=\"sf2_max_price\" id=\"sf2_max_price_rental\" class=\"wpl_search_widget_price_field wpl-exclude-search-widget\" \/>\r\n                    <span class=\"wpl_slider_show_value\" id=\"slider2_showvalue_price_rental\">0 - 1,000,000<\/span>\r\n                    <span class=\"wpl_span_block\" style=\"width: 92%; height: 20px;\"><span class=\"wpl_span_block\" id=\"slider2_range_price_rental\"><\/span><\/span>\r\n                    <\/span><\/div><div class=\"wpl_search_field_container wpl_search_field_locations wpl_search_field_container_41 multiselect_dropdown_type \" id=\"wpl2_search_field_container_41\" style=\"\"><label for=\"sf2_multiple_location2_name\">Island<\/label>\r\n        <select data-placeholder=\"Island\" multiple name=\"sf2_multiple_location2_name\" id=\"sf2_multiple_location2_name\" class=\"wpl_search_widget_field_41_select\"><option value=\"Bali\" >Bali<\/option><option value=\"Belitung\" >Belitung<\/option><option value=\"Lombok\" >Lombok<\/option><option value=\"Rote island\" >Rote island<\/option><option value=\"Sumba\" >Sumba<\/option><option value=\"West Papua\" >West Papua<\/option><\/select><label for=\"sf2_multiple_location3_name\">Regency<\/label>\r\n        <select data-placeholder=\"Regency\" multiple name=\"sf2_multiple_location3_name\" id=\"sf2_multiple_location3_name\" class=\"wpl_search_widget_field_41_select\"><option value=\"Belitung\" >Belitung<\/option><option value=\"Karangasem\" >Karangasem<\/option><option value=\"Kuning\" >Kuning<\/option><option value=\"Lombok\" >Lombok<\/option><option value=\"Rote Island\" >Rote Island<\/option><option value=\"Sumba\" >Sumba<\/option><option value=\"West Papua\" >West Papua<\/option><\/select><\/div>                                <div class=\"search_submit_box\">\r\n                    <input id=\"wpl_search_widget_submit2\" class=\"wpl_search_widget_submit\" data-widget-id=\"2\" data-ajax=\"0\" data-search-page=\"https:\/\/indonesiaproperty.investments\/cs\/vlastnosti\/\" data-kind=\"0\" data-nounce=\"b71314a94c\" type=\"submit\" value=\"Search\"  \/>\r\n                                    <\/div>\r\n                                            <\/div>\r\n            <div class=\"wpl_search_from_box_bot\" id=\"wpl_search_from_box_bot2\">\r\n                            <\/div>\r\n        <\/div>\r\n            <\/form>\r\n<\/div>\r\n\r\n<\/aside>    <\/div>\r\n        \r\n        <div class=\"wpl_property_listing_list_view_container\">\r\n        \r\n<div class=\"wpl_sort_options_container\">\r\n\r\n            <div class=\"wpl_sort_options_container_title\">Sort Option<\/div>\r\n        <div class=\"wpl-sort-options-list active \"><ul><li><div class=\"wpl_plist_sort wpl_plist_sort_active sort_down\" onclick=\"wpl_page_sortchange('wplorderby=p.price_si&amp;wplorder=ASC');\">Price<\/div><\/li><li><div class=\"wpl_plist_sort\" onclick=\"wpl_page_sortchange('wplorderby=p.add_date&amp;wplorder=DESC');\">Add date<\/div><\/li><li><div class=\"wpl_plist_sort\" onclick=\"wpl_page_sortchange('wplorderby=p.property_type&amp;wplorder=DESC');\">Property Type<\/div><\/li><\/ul><\/div>\r\n        <span class=\"wpl-sort-options-selectbox  wpl-util-hidden\"><select class=\"wpl_plist_sort\" onchange=\"wpl_page_sortchange(this.value);\"><option value=\"wplorderby=p.price_si&amp;wplorder=DESC\" selected=\"selected\">Price descending<\/option><option value=\"wplorderby=p.price_si&amp;wplorder=ASC\" >Price ascending<\/option><option value=\"wplorderby=p.add_date&amp;wplorder=DESC\" >Add date descending<\/option><option value=\"wplorderby=p.add_date&amp;wplorder=ASC\" >Add date ascending<\/option><option value=\"wplorderby=p.property_type&amp;wplorder=DESC\" >Property Type descending<\/option><option value=\"wplorderby=p.property_type&amp;wplorder=ASC\" >Property Type ascending<\/option><\/select><\/span>\r\n        \r\n    \r\n        \r\n        <div class=\"wpl-print-rp-wp\">\r\n        <a class=\"wpl-print-rp-link\" href=\"#\" onclick=\"wpl_generate_print_rp();\"><span><i class=\"fa fa-print\"><\/i><\/span><\/a>\r\n    <\/div>\r\n        \r\n        \r\n    <\/div>\r\n\r\n<div class=\"wpl-row wpl-expanded   wpl_property_listing_listings_container clearfix\">\r\n\r\n    \r\n    \t<div class=\"wpl-column\">\r\n\t\t<div class=\"wpl_prp_cont wpl_prp_cont_old\r\n\t\t\trow_box\"\r\n\t\t\t id=\"wpl_prp_cont29\"\r\n\t\t\t  >\r\n\t\t\t<div class=\"wpl_prp_top\">\r\n\t\t\t\t<div class=\"wpl_prp_top_boxes front\">\r\n\t\t\t\t\t<div class=\"wpl_gallery_container\" id=\"wpl_gallery_container29\" >\r\n    <img decoding=\"async\"  id=\"wpl_gallery_image29_0\" src=\"https:\/\/indonesiaproperty.investments\/wp-content\/uploads\/WPL\/29\/thimg_Batu_Kori_0005s_autox250.jpg\" class=\"wpl_gallery_image \" onclick=\"wpl_plisting_slider(0, 6, 29);\" alt=\"The overall layout of the buildings\" title=\"The overall layout of the buildings\" width=\"auto\" height=\"250\" style=\"width: autopx; height: 250px;\" \/><img decoding=\"async\"  id=\"wpl_gallery_image29_1\" src=\"https:\/\/indonesiaproperty.investments\/wp-content\/uploads\/WPL\/29\/thimg_Batu_Kori_0000s_autox250.jpg\" class=\"wpl_gallery_image \" onclick=\"wpl_plisting_slider(1, 6, 29);\" alt=\"View from the car park - entrance to the resort\" title=\"View from the car park - entrance to the resort\" width=\"auto\" height=\"250\" style=\"width: autopx; height: 250px;\" \/><img decoding=\"async\"  id=\"wpl_gallery_image29_2\" src=\"https:\/\/indonesiaproperty.investments\/wp-content\/uploads\/WPL\/29\/thimg_Batu_Kori_0002s_autox250.jpg\" class=\"wpl_gallery_image \" onclick=\"wpl_plisting_slider(2, 6, 29);\" alt=\" A view from the relaxation terrace of the central swimming pool\" title=\" A view from the relaxation terrace of the central swimming pool\" width=\"auto\" height=\"250\" style=\"width: autopx; height: 250px;\" \/><img decoding=\"async\"  id=\"wpl_gallery_image29_3\" src=\"https:\/\/indonesiaproperty.investments\/wp-content\/uploads\/WPL\/29\/thimg_Batu_Kori_0001s_autox250.jpg\" class=\"wpl_gallery_image \" onclick=\"wpl_plisting_slider(3, 6, 29);\" alt=\"Evening view from the terrace of the apartment in the Western part of the resort\" title=\"Evening view from the terrace of the apartment in the Western part of the resort\" width=\"auto\" height=\"250\" style=\"width: autopx; height: 250px;\" \/><img decoding=\"async\"  id=\"wpl_gallery_image29_4\" src=\"https:\/\/indonesiaproperty.investments\/wp-content\/uploads\/WPL\/29\/thimg_Batu_Kori_0010s_autox250.jpg\" class=\"wpl_gallery_image \" onclick=\"wpl_plisting_slider(4, 6, 29);\" alt=\"The evening atmosphere of the restaurant and the Meditation room\" title=\"The evening atmosphere of the restaurant and the Meditation room\" width=\"auto\" height=\"250\" style=\"width: autopx; height: 250px;\" \/><img decoding=\"async\"  id=\"wpl_gallery_image29_5\" src=\"https:\/\/indonesiaproperty.investments\/wp-content\/uploads\/WPL\/29\/thimg_Batu_Kori_0008s_autox250.jpg\" class=\"wpl_gallery_image \" onclick=\"wpl_plisting_slider(5, 6, 29);\" alt=\"The sunrise on Batu Kori\" title=\"The sunrise on Batu Kori\" width=\"auto\" height=\"250\" style=\"width: autopx; height: 250px;\" \/>    \r\n\t    \r\n<\/div>\t\t\t\t<\/div>\r\n\t\t\t\t<div class=\"wpl_prp_top_boxes back\">\r\n\t\t\t\t\t<a  id=\"prp_link_id_29\" href=\"https:\/\/indonesiaproperty.investments\/cs\/vlastnosti\/29-Development-project-Seraya-Timur-Bali-EUR510000\/\" class=\"view_detail\">More Details<\/a>\r\n\t\t\t\t<\/div>\r\n\t\t\t<\/div>\r\n\t\t\t<div class=\"wpl_prp_bot\">\r\n\r\n\t\t\t\t<a id=\"prp_link_id_29_view_detail\" href=\"https:\/\/indonesiaproperty.investments\/cs\/vlastnosti\/29-Development-project-Seraya-Timur-Bali-EUR510000\/\" class=\"view_detail\" title=\"Batu Kori Resort\">\r\n\t\t\t\t\t<h3 class=\"wpl_prp_title\"\t > Batu Kori Resort<\/h3>\r\n\t\t\t\t<\/a>\r\n\r\n\t\t\t\t\t\t\t\t<h4 class=\"wpl_prp_listing_location\"><span   ><span >Seraya Timur- Bali<\/span><\/span><\/h4>\r\n\t\t\t\t\t\t\t\t<div class=\"wpl_prp_listing_icon_box\">\r\n\t\t\t\t\t<div class=\"pic_count\"><span class=\"value\">6<\/span><span class=\"name\">Picture(s)<\/span><\/div><div class=\"built_up_area\">2,000<span>m&sup2;<\/span><\/div>\t\t\t\t\t\t\t\t\t<\/div>\r\n\t\t\t\t<div class=\"wpl_prp_desc\" >Lokalita:Batu Kori je tradi\u010dn\u00ed balijsk\u00e1 vesnice na v\u00fdchodn\u00edm pob\u0159e\u017e\u00ed Bali v Indon\u00e9sii, kter\u00e1 je vzd\u00e1lena jen 8 km od velmi popul\u00e1rn\u00ed turistick\u00e9 oblasti Amed, 20 km od centr\u00e1ln\u00edho m\u011bsta Amlapura, vzd\u00e1lenost od leti\u0161t\u011b a hlavn\u00edho m\u011bsta Denpasar je cca. 84 km, 2h 13 minut.<\/div>\r\n\t\t\t<\/div>\r\n\t\t\t<div class=\"price_box\"  >\r\n\t\t\t\t<span >\u20ac510.000<\/span>\r\n\t\t\t<\/div>\r\n\r\n\t\t\t\t\t<\/div>\r\n\t<\/div>\r\n\t\r\n<\/div>\r\n\r\n<div class=\"wpl_pagination_container\">\r\n    <ul class=\"pagination\"><\/ul>\n<span class=\"wpl_total_result\">1 Results returned.<\/span><span class=\"wpl_page_size\"><span class=\"wpl_page_size_title\">Per Page <\/span><select class=\"wpl_page_size_options\" onchange=\"wpl_pagesize_changed(this.value);\"><option value=\"6\" >6<\/option><option value=\"12\" selected=\"selected\">12<\/option><option value=\"18\" >18<\/option><option value=\"24\" >24<\/option><option value=\"30\" >30<\/option><option value=\"100\" >100<\/option><\/select><\/span><\/div>\r\n    <\/div>\r\n    \r\n        <div id=\"wpl_plisting_lightbox_content_container\" class=\"wpl-util-hidden\"><\/div>\r\n\r\n        <a id=\"wpl_favorites_lightbox\" class=\"wpl-util-hidden\" data-realtyna-href=\"#wpl_plisting_lightbox_content_container\" data-realtyna-lightbox-opts=\"title:Login to continue\"><\/a>\r\n\r\n<\/div>\r\n\r\n\r\n\n<\/div><\/section><\/div>\n","protected":false},"excerpt":{"rendered":"","protected":false},"author":1,"featured_media":0,"parent":0,"menu_order":0,"comment_status":"closed","ping_status":"closed","template":"","meta":{"footnotes":""},"class_list":["post-212","page","type-page","status-publish","hentry"],"_links":{"self":[{"href":"https:\/\/indonesiaproperty.investments\/cs\/wp-json\/wp\/v2\/pages\/212","targetHints":{"allow":["GET"]}}],"collection":[{"href":"https:\/\/indonesiaproperty.investments\/cs\/wp-json\/wp\/v2\/pages"}],"about":[{"href":"https:\/\/indonesiaproperty.investments\/cs\/wp-json\/wp\/v2\/types\/page"}],"author":[{"embeddable":true,"href":"https:\/\/indonesiaproperty.investments\/cs\/wp-json\/wp\/v2\/users\/1"}],"replies":[{"embeddable":true,"href":"https:\/\/indonesiaproperty.investments\/cs\/wp-json\/wp\/v2\/comments?post=212"}],"version-history":[{"count":7,"href":"https:\/\/indonesiaproperty.investments\/cs\/wp-json\/wp\/v2\/pages\/212\/revisions"}],"predecessor-version":[{"id":661,"href":"https:\/\/indonesiaproperty.investments\/cs\/wp-json\/wp\/v2\/pages\/212\/revisions\/661"}],"wp:attachment":[{"href":"https:\/\/indonesiaproperty.investments\/cs\/wp-json\/wp\/v2\/media?parent=212"}],"curies":[{"name":"wp","href":"https:\/\/api.w.org\/{rel}","templated":true}]}}