{"id":127,"date":"2018-04-03T06:30:31","date_gmt":"2018-04-03T06:30:31","guid":{"rendered":"https:\/\/indonesiaproperty.investments\/hotel-resort\/"},"modified":"2020-05-04T04:50:33","modified_gmt":"2020-05-04T04:50:33","slug":"hotely-resorty","status":"publish","type":"page","link":"https:\/\/indonesiaproperty.investments\/cs\/hotely-resorty\/","title":{"rendered":"Hotely &#038; resorty"},"content":{"rendered":"<div id='av_section_1'  class='avia-section main_color avia-section-default avia-no-border-styling avia-bg-style-scroll  avia-builder-el-0  el_before_av_textblock  avia-builder-el-first   av-minimum-height av-minimum-height-custom  container_wrap fullsize' style='background-repeat: no-repeat; background-image: url(https:\/\/indonesiaproperty.investments\/wp-content\/uploads\/2018\/06\/IMG_3268.jpg);background-attachment: scroll; background-position: bottom left;  '  data-section-bg-repeat='no-repeat'><div class='container' style='height:200px'><main  role=\"main\" itemprop=\"mainContentOfPage\"  class='template-page content  av-content-full alpha units'><div class='post-entry post-entry-type-page post-entry-127'><div class='entry-content-wrapper clearfix'><\/div><\/div><\/main><!-- close content main element --><\/div><\/div><div id='after_section_1'  class='main_color av_default_container_wrap container_wrap fullsize' style=' '  ><div class='container' ><div class='template-page content  av-content-full alpha units'><div class='post-entry post-entry-type-page post-entry-127'><div class='entry-content-wrapper clearfix'>\n<section class=\"av_textblock_section \"  itemscope=\"itemscope\" itemtype=\"https:\/\/schema.org\/CreativeWork\" ><div class='avia_textblock  '   itemprop=\"text\" ><div class=\"wpl_property_listing_container \" id=\"wpl_property_listing_container\">\r\n\t    \r\n        <div class=\"wpl_plisting_top_sidebar_container\">\r\n        <aside id=\"wpl_search_widget-2\" class=\"widget widget_wpl_search_widget\"><div id=\"wpl_default_search_2\">\r\n    <form action=\"https:\/\/indonesiaproperty.investments\/cs\/vlastnosti\/\" id=\"wpl_search_form_2\" method=\"GET\" onsubmit=\"return wpl_do_search_2('wpl_searchwidget_2');\" class=\"wpl_search_from_box clearfix wpl_search_kind0 wpl-search-default \">\r\n\r\n        <!-- Do not change the ID -->\r\n        <div id=\"wpl_searchwidget_2\" class=\"clearfix\">\r\n                        <div class=\"wpl_search_from_box_top\">\r\n                <div class=\"wpl_search_field_container wpl_search_field_property_types wpl_search_field_container_3 multiple_type \" id=\"wpl2_search_field_container_3\" style=\"\"><label>Property Type<\/label><div class=\"wpl_searchwid_property_type_multiselect_container\">\r\n\t\t<select data-placeholder=\"Property Type\" class=\"wpl_search_widget_field_property_type wpl_searchmod_property_type_multiselect\" id=\"sf2_multiple_property_type\" name=\"sf2_multiple_property_type\" multiple=\"multiple\"><option class=\"wpl_pt_parent wpl_pt_parent15\" value=\"18\" >Hotel-Resort<\/option><option class=\"wpl_pt_parent wpl_pt_parent17\" value=\"14\" >Land<\/option><option class=\"wpl_pt_parent wpl_pt_parent16\" value=\"7\" >Villa<\/option><option class=\"wpl_pt_parent wpl_pt_parent17\" value=\"26\" >Development project<\/option><option class=\"wpl_pt_parent wpl_pt_parent17\" value=\"27\" >Island<\/option><\/select><\/div><\/div><div class=\"wpl_search_field_container wpl_search_field_listings wpl_search_field_container_2 multiple_type \" id=\"wpl2_search_field_container_2\" style=\"\"><label for=\"sf2_select_listing\">Listing Type<\/label><div class=\"wpl_searchwid_listing_multiselect_container\">\r\n\t\t<select data-placeholder=\"Listing Type\"  data-placeholder=\"Listing Type\" class=\"wpl_searchmod_listing_multiselect\" id=\"sf2_multiple_listing\" name=\"sf2_multiple_listing\" multiple=\"multiple\"><option value=\"9\" >For Sale<\/option><option value=\"14\" >For Rent<\/option><option value=\"17\" >For Lease<\/option><\/select><\/div><\/div><div class=\"wpl_search_field_container wpl_search_field_price wpl_search_field_container_6 minmax_slider_type \" id=\"wpl2_search_field_container_6\" style=\"\"><label>Price<\/label><input type=\"hidden\" class=\"wpl_search_widget_field_unit\" name=\"sf2_unit_price\" id=\"sf2_unit_price\" value=\"150\" \/><span class=\"wpl_search_slider_container wpl_listing_price_sale \">\r\n                    <input type=\"hidden\" value=\"0\" name=\"sf2_min_price\" id=\"sf2_min_price_sale\" class=\"wpl_search_widget_price_field \" \/><input type=\"hidden\" value=\"1000000\" name=\"sf2_max_price\" id=\"sf2_max_price_sale\" class=\"wpl_search_widget_price_field \" \/>\r\n                    <span class=\"wpl_slider_show_value\" id=\"slider2_showvalue_price_sale\">0 - 1,000,000<\/span>\r\n                    <span class=\"wpl_span_block\" style=\"width: 92%; height: 20px;\"><span class=\"wpl_span_block\" id=\"slider2_range_price_sale\"><\/span><\/span>\r\n                    <\/span><span class=\"wpl_search_slider_container wpl_listing_price_rental wpl-util-hidden\">\r\n                    <input type=\"hidden\" value=\"0\" name=\"sf2_min_price\" id=\"sf2_min_price_rental\" class=\"wpl_search_widget_price_field wpl-exclude-search-widget\" \/><input type=\"hidden\" value=\"1000000\" name=\"sf2_max_price\" id=\"sf2_max_price_rental\" class=\"wpl_search_widget_price_field wpl-exclude-search-widget\" \/>\r\n                    <span class=\"wpl_slider_show_value\" id=\"slider2_showvalue_price_rental\">0 - 1,000,000<\/span>\r\n                    <span class=\"wpl_span_block\" style=\"width: 92%; height: 20px;\"><span class=\"wpl_span_block\" id=\"slider2_range_price_rental\"><\/span><\/span>\r\n                    <\/span><\/div><div class=\"wpl_search_field_container wpl_search_field_locations wpl_search_field_container_41 multiselect_dropdown_type \" id=\"wpl2_search_field_container_41\" style=\"\"><label for=\"sf2_multiple_location2_name\">Island<\/label>\r\n        <select data-placeholder=\"Island\" multiple name=\"sf2_multiple_location2_name\" id=\"sf2_multiple_location2_name\" class=\"wpl_search_widget_field_41_select\"><option value=\"Bali\" >Bali<\/option><option value=\"Belitung\" >Belitung<\/option><option value=\"Lombok\" >Lombok<\/option><option value=\"Rote island\" >Rote island<\/option><option value=\"Sumba\" >Sumba<\/option><option value=\"West Papua\" >West Papua<\/option><\/select><label for=\"sf2_multiple_location3_name\">Regency<\/label>\r\n        <select data-placeholder=\"Regency\" multiple name=\"sf2_multiple_location3_name\" id=\"sf2_multiple_location3_name\" class=\"wpl_search_widget_field_41_select\"><option value=\"Belitung\" >Belitung<\/option><option value=\"Karangasem\" >Karangasem<\/option><option value=\"Kuning\" >Kuning<\/option><option value=\"Lombok\" >Lombok<\/option><option value=\"Rote Island\" >Rote Island<\/option><option value=\"Sumba\" >Sumba<\/option><option value=\"West Papua\" >West Papua<\/option><\/select><\/div>                                <div class=\"search_submit_box\">\r\n                    <input id=\"wpl_search_widget_submit2\" class=\"wpl_search_widget_submit\" data-widget-id=\"2\" data-ajax=\"0\" data-search-page=\"https:\/\/indonesiaproperty.investments\/cs\/vlastnosti\/\" data-kind=\"0\" data-nounce=\"b71314a94c\" type=\"submit\" value=\"Search\"  \/>\r\n                                    <\/div>\r\n                                            <\/div>\r\n            <div class=\"wpl_search_from_box_bot\" id=\"wpl_search_from_box_bot2\">\r\n                            <\/div>\r\n        <\/div>\r\n            <\/form>\r\n<\/div>\r\n\r\n<\/aside>    <\/div>\r\n        \r\n        <div class=\"wpl_property_listing_list_view_container\">\r\n        \r\n<div class=\"wpl_sort_options_container\">\r\n\r\n            <div class=\"wpl_sort_options_container_title\">Sort Option<\/div>\r\n        <div class=\"wpl-sort-options-list active \"><ul><li><div class=\"wpl_plist_sort\" onclick=\"wpl_page_sortchange('wplorderby=p.price_si&amp;wplorder=DESC');\">Price<\/div><\/li><li><div class=\"wpl_plist_sort wpl_plist_sort_active sort_down\" onclick=\"wpl_page_sortchange('wplorderby=p.add_date&amp;wplorder=ASC');\">Add date<\/div><\/li><li><div class=\"wpl_plist_sort\" onclick=\"wpl_page_sortchange('wplorderby=p.property_type&amp;wplorder=DESC');\">Property Type<\/div><\/li><\/ul><\/div>\r\n        <span class=\"wpl-sort-options-selectbox  wpl-util-hidden\"><select class=\"wpl_plist_sort\" onchange=\"wpl_page_sortchange(this.value);\"><option value=\"wplorderby=p.price_si&amp;wplorder=DESC\" >Price descending<\/option><option value=\"wplorderby=p.price_si&amp;wplorder=ASC\" >Price ascending<\/option><option value=\"wplorderby=p.add_date&amp;wplorder=DESC\" selected=\"selected\">Add date descending<\/option><option value=\"wplorderby=p.add_date&amp;wplorder=ASC\" >Add date ascending<\/option><option value=\"wplorderby=p.property_type&amp;wplorder=DESC\" >Property Type descending<\/option><option value=\"wplorderby=p.property_type&amp;wplorder=ASC\" >Property Type ascending<\/option><\/select><\/span>\r\n        \r\n        <div class=\"wpl_list_grid_switcher \">\r\n        <div id=\"grid_view\" class=\"wpl-tooltip-top grid_view active\">\r\n                    <\/div>\r\n                    <div class=\"wpl-util-hidden\">Grid<\/div>\r\n        \r\n        <div id=\"list_view\" class=\"wpl-tooltip-top list_view \">\r\n                    <\/div>\r\n                    <div class=\"wpl-util-hidden\">List<\/div>\r\n        \r\n            <\/div>\r\n    \r\n        \r\n        <div class=\"wpl-print-rp-wp\">\r\n        <a class=\"wpl-print-rp-link\" href=\"#\" onclick=\"wpl_generate_print_rp();\"><span><i class=\"fa fa-print\"><\/i><\/span><\/a>\r\n    <\/div>\r\n        \r\n        \r\n    <\/div>\r\n\r\n<div class=\"wpl-row wpl-expanded wpl-small-up-1 wpl-medium-up-2 wpl-large-up-3  wpl_property_listing_listings_container clearfix\">\r\n\r\n    \r\n    \t<div class=\"wpl-column\">\r\n\t\t<div class=\"wpl_prp_cont wpl_prp_cont_old\r\n\t\t\tgrid_box\"\r\n\t\t\t id=\"wpl_prp_cont103\"\r\n\t\t\t  >\r\n\t\t\t<div class=\"wpl_prp_top\">\r\n\t\t\t\t<div class=\"wpl_prp_top_boxes front\">\r\n\t\t\t\t\t<div class=\"wpl_gallery_container\" id=\"wpl_gallery_container103\" >\r\n    <img decoding=\"async\"  id=\"wpl_gallery_image103_0\" src=\"https:\/\/indonesiaproperty.investments\/wp-content\/uploads\/WPL\/103\/thimg_004_1_autox250.jpg\" class=\"wpl_gallery_image \" onclick=\"wpl_plisting_slider(0, 8, 103);\" alt=\"Baliku Dive Resort Amed\" title=\"Baliku Dive Resort Amed\" width=\"auto\" height=\"250\" style=\"width: autopx; height: 250px;\" \/><img decoding=\"async\"  id=\"wpl_gallery_image103_1\" src=\"https:\/\/indonesiaproperty.investments\/wp-content\/uploads\/WPL\/103\/thimg_225_autox250.jpg\" class=\"wpl_gallery_image \" onclick=\"wpl_plisting_slider(1, 8, 103);\" alt=\"Baliku Dive Resort Amed\" title=\"Baliku Dive Resort Amed\" width=\"auto\" height=\"250\" style=\"width: autopx; height: 250px;\" \/><img decoding=\"async\"  id=\"wpl_gallery_image103_2\" src=\"https:\/\/indonesiaproperty.investments\/wp-content\/uploads\/WPL\/103\/thimg_20140606_122443_autox250.jpg\" class=\"wpl_gallery_image \" onclick=\"wpl_plisting_slider(2, 8, 103);\" alt=\"Baliku Dive Resort Amed\" title=\"Baliku Dive Resort Amed\" width=\"auto\" height=\"250\" style=\"width: autopx; height: 250px;\" \/><img decoding=\"async\"  id=\"wpl_gallery_image103_3\" src=\"https:\/\/indonesiaproperty.investments\/wp-content\/uploads\/WPL\/103\/thimg_20140606_122757_autox250.jpg\" class=\"wpl_gallery_image \" onclick=\"wpl_plisting_slider(3, 8, 103);\" alt=\"real estate; property; property for sale; investment in Indonesia; Indonesia real estate; Indonesia property; Bali real estate; Bali property; Bali property for sale; buying property on Bali; investment on Bali; Bali villas for sale; Bali houses for sale; buy house in Bali; Lovina; Bali; villa for sale; nemovitosti na Bali; nemovitost na prodej ostrov Bali; koup\u011b nemovitosti na Bali; investice na Bali; vily na prodej Bali; domy na prodej Bali; koupit d\u016fm na Bali; Lovina; Bali; vily na prodej Indon\u00e9sie; prodej pozemk\u016f; pozemky na prodej; prodej pozemk\u016f Indon\u00e9sie; nemovitosti; nemovitost na prodej; land; pozemek; pozemky; development project; Tulamben; Liberty Ship, developersk\u00fd projekt; on the beach; beachfront; na pl\u00e1\u017ei; Amed; ocean view; wreck of the Liberty Ship; scuba diving;  popular for divers; pot\u00e1p\u011bn\u00ed; pot\u00e1p\u011b\u010dsk\u00e1 lokalita Tulamben; vrak Liberty Ship; pot\u00e1p\u011bn\u00ed na Bali; diving on Bali; diving in Indonesia; pot\u00e1p\u011bn\u00ed v Indon\u00e9sii;\" title=\"real estate; property; property for sale; investment in Indonesia; Indonesia real estate; Indonesia property; Bali real estate; Bali property; Bali property for sale; buying property on Bali; investment on Bali; Bali villas for sale; Bali houses for sale; buy house in Bali; Lovina; Bali; villa for sale; nemovitosti na Bali; nemovitost na prodej ostrov Bali; koup\u011b nemovitosti na Bali; investice na Bali; vily na prodej Bali; domy na prodej Bali; koupit d\u016fm na Bali; Lovina; Bali; vily na prodej Indon\u00e9sie; prodej pozemk\u016f; pozemky na prodej; prodej pozemk\u016f Indon\u00e9sie; nemovitosti; nemovitost na prodej; land; pozemek; pozemky; development project; Tulamben; Liberty Ship, developersk\u00fd projekt; on the beach; beachfront; na pl\u00e1\u017ei; Amed; ocean view; wreck of the Liberty Ship; scuba diving;  popular for divers; pot\u00e1p\u011bn\u00ed; pot\u00e1p\u011b\u010dsk\u00e1 lokalita Tulamben; vrak Liberty Ship; pot\u00e1p\u011bn\u00ed na Bali; diving on Bali; diving in Indonesia; pot\u00e1p\u011bn\u00ed v Indon\u00e9sii;\" width=\"auto\" height=\"250\" style=\"width: autopx; height: 250px;\" \/><img decoding=\"async\"  id=\"wpl_gallery_image103_4\" src=\"https:\/\/indonesiaproperty.investments\/wp-content\/uploads\/WPL\/103\/thimg_20140606_123200_autox250.jpg\" class=\"wpl_gallery_image \" onclick=\"wpl_plisting_slider(4, 8, 103);\" alt=\"Baliku Dive Resort Amed\" title=\"Baliku Dive Resort Amed\" width=\"auto\" height=\"250\" style=\"width: autopx; height: 250px;\" \/><img decoding=\"async\"  id=\"wpl_gallery_image103_5\" src=\"https:\/\/indonesiaproperty.investments\/wp-content\/uploads\/WPL\/103\/thimg_20140606_123502_autox250.jpg\" class=\"wpl_gallery_image \" onclick=\"wpl_plisting_slider(5, 8, 103);\" alt=\"Baliku Dive Resort Amed\" title=\"Baliku Dive Resort Amed\" width=\"auto\" height=\"250\" style=\"width: autopx; height: 250px;\" \/><img decoding=\"async\"  id=\"wpl_gallery_image103_6\" src=\"https:\/\/indonesiaproperty.investments\/wp-content\/uploads\/WPL\/103\/thimg_20140606_145017_autox250.jpg\" class=\"wpl_gallery_image \" onclick=\"wpl_plisting_slider(6, 8, 103);\" alt=\"Baliku Dive Resort Amed\" title=\"Baliku Dive Resort Amed\" width=\"auto\" height=\"250\" style=\"width: autopx; height: 250px;\" \/><img decoding=\"async\"  id=\"wpl_gallery_image103_7\" src=\"https:\/\/indonesiaproperty.investments\/wp-content\/uploads\/WPL\/103\/thimg_20140608_063609-kopie_autox250.jpg\" class=\"wpl_gallery_image \" onclick=\"wpl_plisting_slider(7, 8, 103);\" alt=\"Baliku Dive Resort Amed\" title=\"Baliku Dive Resort Amed\" width=\"auto\" height=\"250\" style=\"width: autopx; height: 250px;\" \/>    \r\n\t    \r\n<\/div>\t\t\t\t<\/div>\r\n\t\t\t\t<div class=\"wpl_prp_top_boxes back\">\r\n\t\t\t\t\t<a  id=\"prp_link_id_103\" href=\"https:\/\/indonesiaproperty.investments\/cs\/vlastnosti\/103-Hotel-Resort-Banyuning-Bali-EUR810000\/\" class=\"view_detail\">More Details<\/a>\r\n\t\t\t\t<\/div>\r\n\t\t\t<\/div>\r\n\t\t\t<div class=\"wpl_prp_bot\">\r\n\r\n\t\t\t\t<a id=\"prp_link_id_103_view_detail\" href=\"https:\/\/indonesiaproperty.investments\/cs\/vlastnosti\/103-Hotel-Resort-Banyuning-Bali-EUR810000\/\" class=\"view_detail\" title=\"Baliku Dive Resort\">\r\n\t\t\t\t\t<h3 class=\"wpl_prp_title\"\t > Baliku Dive Resort<\/h3>\r\n\t\t\t\t<\/a>\r\n\r\n\t\t\t\t\t\t\t\t<h4 class=\"wpl_prp_listing_location\"><span   ><span >Banyuning, Bali<\/span><\/span><\/h4>\r\n\t\t\t\t\t\t\t\t<div class=\"wpl_prp_listing_icon_box\">\r\n\t\t\t\t\t<div class=\"pic_count\"><span class=\"value\">8<\/span><span class=\"name\">Picture(s)<\/span><\/div><div class=\"built_up_area\">3,000<span>m&sup2;<\/span><\/div>\t\t\t\t\t\t\t\t\t<\/div>\r\n\t\t\t\t<div class=\"wpl_prp_desc\" >Tento luxusn\u00ed resort se nach\u00e1z\u00ed na v\u00fdchodn\u00edm pob\u0159e\u017e\u00ed Bali v Indon\u00e9sii, v obl\u00edben\u00e9 turistick\u00e9 oblasti Amed.Tato lokalita je popul\u00e1rn\u00ed zejm\u00e9na d\u00edky sv\u00e9 p\u0159\u00e1telsk\u00e9 atmosf\u00e9\u0159e, kde se turist\u00e9 st\u00e1vaj\u00ed sou\u010d\u00e1st\u00ed hinduistick\u00fdch tradic a \u017eivot\u016f m\u00edstn\u00edch obyvatel. Je zde bohat\u00fd podmo\u0159sk\u00fd \u017eivot a n\u011bkolik vrak\u016f lod\u00ed ze II. sv\u011btov\u00e9 v\u00e1lky.<\/div>\r\n\t\t\t<\/div>\r\n\t\t\t<div class=\"price_box\"  >\r\n\t\t\t\t<span >\u20ac810.000<\/span>\r\n\t\t\t<\/div>\r\n\r\n\t\t\t\t\t<\/div>\r\n\t<\/div>\r\n\t\t<div class=\"wpl-column\">\r\n\t\t<div class=\"wpl_prp_cont wpl_prp_cont_old\r\n\t\t\tgrid_box\"\r\n\t\t\t id=\"wpl_prp_cont81\"\r\n\t\t\t  >\r\n\t\t\t<div class=\"wpl_prp_top\">\r\n\t\t\t\t<div class=\"wpl_prp_top_boxes front\">\r\n\t\t\t\t\t<div class=\"wpl_gallery_container\" id=\"wpl_gallery_container81\" >\r\n    <img decoding=\"async\"  id=\"wpl_gallery_image81_0\" src=\"https:\/\/indonesiaproperty.investments\/wp-content\/uploads\/WPL\/81\/thimg_General-Villas-drone-7_autox250.jpg\" class=\"wpl_gallery_image \" onclick=\"wpl_plisting_slider(0, 8, 81);\" alt=\"Villas Bukit Lipah resort for sale\" title=\"Villas Bukit Lipah resort for sale\" width=\"auto\" height=\"250\" style=\"width: autopx; height: 250px;\" \/><img decoding=\"async\"  id=\"wpl_gallery_image81_1\" src=\"https:\/\/indonesiaproperty.investments\/wp-content\/uploads\/WPL\/81\/thimg_General-Villas-drone-1_autox250.jpg\" class=\"wpl_gallery_image \" onclick=\"wpl_plisting_slider(1, 8, 81);\" alt=\"Villas Bukit Lipah resort for sale\" title=\"Villas Bukit Lipah resort for sale\" width=\"auto\" height=\"250\" style=\"width: autopx; height: 250px;\" \/><img decoding=\"async\"  id=\"wpl_gallery_image81_2\" src=\"https:\/\/indonesiaproperty.investments\/wp-content\/uploads\/WPL\/81\/thimg_Restaurant-Customer-Breakfast-203_autox250.jpg\" class=\"wpl_gallery_image \" onclick=\"wpl_plisting_slider(2, 8, 81);\" alt=\"Villas Bukit Lipah resort for sale\" title=\"Villas Bukit Lipah resort for sale\" width=\"auto\" height=\"250\" style=\"width: autopx; height: 250px;\" \/><img decoding=\"async\"  id=\"wpl_gallery_image81_3\" src=\"https:\/\/indonesiaproperty.investments\/wp-content\/uploads\/WPL\/81\/thimg_Villa-Air-Sunrise-Down-14_autox250.jpg\" class=\"wpl_gallery_image \" onclick=\"wpl_plisting_slider(3, 8, 81);\" alt=\"Villas Bukit Lipah resort for sale\" title=\"Villas Bukit Lipah resort for sale\" width=\"auto\" height=\"250\" style=\"width: autopx; height: 250px;\" \/><img decoding=\"async\"  id=\"wpl_gallery_image81_4\" src=\"https:\/\/indonesiaproperty.investments\/wp-content\/uploads\/WPL\/81\/thimg_Villa-Earth-up-Room-a-48_autox250.jpg\" class=\"wpl_gallery_image \" onclick=\"wpl_plisting_slider(4, 8, 81);\" alt=\"Villas Bukit Lipah resort for sale\" title=\"Villas Bukit Lipah resort for sale\" width=\"auto\" height=\"250\" style=\"width: autopx; height: 250px;\" \/><img decoding=\"async\"  id=\"wpl_gallery_image81_5\" src=\"https:\/\/indonesiaproperty.investments\/wp-content\/uploads\/WPL\/81\/thimg_Villa-Blue-Ocean-Living-room-Ocean-138_autox250.jpg\" class=\"wpl_gallery_image \" onclick=\"wpl_plisting_slider(5, 8, 81);\" alt=\"Villas Bukit Lipah resort for sale\" title=\"Villas Bukit Lipah resort for sale\" width=\"auto\" height=\"250\" style=\"width: autopx; height: 250px;\" \/><img decoding=\"async\"  id=\"wpl_gallery_image81_6\" src=\"https:\/\/indonesiaproperty.investments\/wp-content\/uploads\/WPL\/81\/thimg_Villa-Fire-down-View-73_autox250.jpg\" class=\"wpl_gallery_image \" onclick=\"wpl_plisting_slider(6, 8, 81);\" alt=\"Villas Bukit Lipah resort for sale\" title=\"Villas Bukit Lipah resort for sale\" width=\"auto\" height=\"250\" style=\"width: autopx; height: 250px;\" \/><img decoding=\"async\"  id=\"wpl_gallery_image81_7\" src=\"https:\/\/indonesiaproperty.investments\/wp-content\/uploads\/WPL\/81\/thimg_Villa-Fire-Up-Bathroom-104_autox250.jpg\" class=\"wpl_gallery_image \" onclick=\"wpl_plisting_slider(7, 8, 81);\" alt=\"Villas Bukit Lipah resort for sale\" title=\"Villas Bukit Lipah resort for sale\" width=\"auto\" height=\"250\" style=\"width: autopx; height: 250px;\" \/>    \r\n\t    \r\n<\/div>\t\t\t\t<\/div>\r\n\t\t\t\t<div class=\"wpl_prp_top_boxes back\">\r\n\t\t\t\t\t<a  id=\"prp_link_id_81\" href=\"https:\/\/indonesiaproperty.investments\/cs\/vlastnosti\/81-Hotel-Resort-Lipah-Bali-2-Bedrooms-2-Bathrooms-EUR2000000\/\" class=\"view_detail\">More Details<\/a>\r\n\t\t\t\t<\/div>\r\n\t\t\t<\/div>\r\n\t\t\t<div class=\"wpl_prp_bot\">\r\n\r\n\t\t\t\t<a id=\"prp_link_id_81_view_detail\" href=\"https:\/\/indonesiaproperty.investments\/cs\/vlastnosti\/81-Hotel-Resort-Lipah-Bali-2-Bedrooms-2-Bathrooms-EUR2000000\/\" class=\"view_detail\" title=\"Villas Bukit Resort for sale\">\r\n\t\t\t\t\t<h3 class=\"wpl_prp_title\"\t > Villas Bukit Resort for sale<\/h3>\r\n\t\t\t\t<\/a>\r\n\r\n\t\t\t\t\t\t\t\t<h4 class=\"wpl_prp_listing_location\"><span   ><span >Lipah, Bali<\/span><\/span><\/h4>\r\n\t\t\t\t\t\t\t\t<div class=\"wpl_prp_listing_icon_box\">\r\n\t\t\t\t\t<div class=\"parking\"><span class=\"value\">6<\/span><span class=\"name\">Parking(s)<\/span><\/div><div class=\"pic_count\"><span class=\"value\">8<\/span><span class=\"name\">Picture(s)<\/span><\/div><div class=\"built_up_area\">4,700<span>m&sup2;<\/span><\/div>\t\t\t\t\t\t\t\t\t<\/div>\r\n\t\t\t\t<div class=\"wpl_prp_desc\" >Sta\u0148te se \u0161\u0165astn\u00fdm majitelem t\u00e9to luxusn\u00ed vily.Lokalita:Pozemek vilov\u00e9ho komplexu Villas Bukit Lipah, se nach\u00e1z\u00ed na v\u00fdchodn\u00edm pob\u0159e\u017e\u00ed ostrova Bali v turisticky velmi popul\u00e1rn\u00ed lokalit\u011b Amed, kter\u00e1 je zn\u00e1m\u00e1 kr\u00e1sn\u00fdmi pl\u00e1\u017eemi, skv\u011bl\u00fdmi podm\u00ednkami pro \u0161norchlov\u00e1n\u00ed a pot\u00e1p\u011bn\u00ed, nebo jenom relaxac\u00ed a odpo\u010dinkem.<\/div>\r\n\t\t\t<\/div>\r\n\t\t\t<div class=\"price_box\"  >\r\n\t\t\t\t<span >\u20ac2.000.000<\/span>\r\n\t\t\t<\/div>\r\n\r\n\t\t\t\t\t<\/div>\r\n\t<\/div>\r\n\t\r\n<\/div>\r\n\r\n<div class=\"wpl_pagination_container\">\r\n    <ul class=\"pagination\"><\/ul>\n<span class=\"wpl_total_result\">2 Results returned.<\/span><span class=\"wpl_page_size\"><span class=\"wpl_page_size_title\">Per Page <\/span><select class=\"wpl_page_size_options\" onchange=\"wpl_pagesize_changed(this.value);\"><option value=\"6\" >6<\/option><option value=\"12\" selected=\"selected\">12<\/option><option value=\"18\" >18<\/option><option value=\"24\" >24<\/option><option value=\"30\" >30<\/option><option value=\"100\" >100<\/option><\/select><\/span><\/div>\r\n    <\/div>\r\n    \r\n        <div id=\"wpl_plisting_lightbox_content_container\" class=\"wpl-util-hidden\"><\/div>\r\n\r\n        <a id=\"wpl_favorites_lightbox\" class=\"wpl-util-hidden\" data-realtyna-href=\"#wpl_plisting_lightbox_content_container\" data-realtyna-lightbox-opts=\"title:Login to continue\"><\/a>\r\n\r\n<\/div>\r\n\r\n\r\n\n<\/div><\/section>\n","protected":false},"excerpt":{"rendered":"","protected":false},"author":1,"featured_media":0,"parent":0,"menu_order":0,"comment_status":"closed","ping_status":"closed","template":"","meta":{"footnotes":""},"class_list":["post-127","page","type-page","status-publish","hentry"],"_links":{"self":[{"href":"https:\/\/indonesiaproperty.investments\/cs\/wp-json\/wp\/v2\/pages\/127","targetHints":{"allow":["GET"]}}],"collection":[{"href":"https:\/\/indonesiaproperty.investments\/cs\/wp-json\/wp\/v2\/pages"}],"about":[{"href":"https:\/\/indonesiaproperty.investments\/cs\/wp-json\/wp\/v2\/types\/page"}],"author":[{"embeddable":true,"href":"https:\/\/indonesiaproperty.investments\/cs\/wp-json\/wp\/v2\/users\/1"}],"replies":[{"embeddable":true,"href":"https:\/\/indonesiaproperty.investments\/cs\/wp-json\/wp\/v2\/comments?post=127"}],"version-history":[{"count":11,"href":"https:\/\/indonesiaproperty.investments\/cs\/wp-json\/wp\/v2\/pages\/127\/revisions"}],"predecessor-version":[{"id":950,"href":"https:\/\/indonesiaproperty.investments\/cs\/wp-json\/wp\/v2\/pages\/127\/revisions\/950"}],"wp:attachment":[{"href":"https:\/\/indonesiaproperty.investments\/cs\/wp-json\/wp\/v2\/media?parent=127"}],"curies":[{"name":"wp","href":"https:\/\/api.w.org\/{rel}","templated":true}]}}