{"id":124,"date":"2018-04-03T06:29:33","date_gmt":"2018-04-03T06:29:33","guid":{"rendered":"https:\/\/indonesiaproperty.investments\/vlastnosti\/"},"modified":"2018-07-11T06:22:08","modified_gmt":"2018-07-11T06:22:08","slug":"vlastnosti","status":"publish","type":"page","link":"https:\/\/indonesiaproperty.investments\/cs\/vlastnosti\/","title":{"rendered":"Nemovitosti"},"content":{"rendered":"<div id='av_section_1'  class='avia-section main_color avia-section-default avia-no-border-styling avia-bg-style-scroll  avia-builder-el-0  el_before_av_sidebar  avia-builder-el-first   av-minimum-height av-minimum-height-custom  container_wrap fullsize' style='background-repeat: no-repeat; background-image: url(https:\/\/indonesiaproperty.investments\/wp-content\/uploads\/2018\/06\/Real-Estate.jpg);background-attachment: scroll; background-position: center right;  '  data-section-bg-repeat='no-repeat'><div class='container' style='height:200px'><main  role=\"main\" itemprop=\"mainContentOfPage\"  class='template-page content  av-content-full alpha units'><div class='post-entry post-entry-type-page post-entry-124'><div class='entry-content-wrapper clearfix'>\n<\/div><\/div><\/main><!-- close content main element --><\/div><\/div><div id='after_section_1'  class='main_color av_default_container_wrap container_wrap fullsize' style=' '  ><div class='container' ><div class='template-page content  av-content-full alpha units'><div class='post-entry post-entry-type-page post-entry-124'><div class='entry-content-wrapper clearfix'><div  class='avia-builder-widget-area clearfix  avia-builder-el-1  el_after_av_section  el_before_av_textblock  avia-builder-el-first '><div id=\"wpl_carousel_widget-3\" class=\"widget clearfix widget_wpl_carousel_widget\"><h3 class=\"widgettitle\">Hot offer!<\/h3>\r\n<div id=\"wpl-multi-images-3\" class=\"wpl-plugin-owl wpl-carousel-multi-images container  \">\r\n    \r\n    <div class=\"wpl-carousel-item\"  >\r\n    <img decoding=\"async\" class=\"\"  src=\"https:\/\/indonesiaproperty.investments\/wp-content\/uploads\/WPL\/117\/thimg_img19_autox300.jpg\" alt=\"real estate; property, property for sale; property for lease; buying property in Rote Island;  buying property in Indonesia; investment in Rote Island; investment in West Papua; investment in Indonesia; buy property in Indonesia; buy property in Raja Ampat; island for sale; island for lease;  Indonesia; Raja Ampat; West Papua; Yeben Kecil Island; Yeben; prodej pozemk\u016f; pozemky na prodej; prodej pozemk\u016f Indon\u00e9sie; nemovitosti; nemovitost na prodej; ostrov na pron\u00e1jem; investice Hamili Ate Beach, koup\u011b nemovitost\u00edH amili Ate Beach; investice; ostrov; pron\u00e1jem ostrova; land; pozemek; pozemky; Belitung; sumba investment; Rote Island Villa; Rote Island Villa for sale\" title=\"Villa For Sale\" height=\"300\" style=\"height: 300px;\" \/>\r\n        <div class=\"title\">\r\n            <h3 >Villa For Sale<\/h3>\r\n            <h4  style=\"display:none\">Rote Island, Rote island<\/h4>\r\n            <a  class=\"more_info\" href=\"https:\/\/indonesiaproperty.investments\/cs\/vlastnosti\/117-Villa-Rote-Island-Rote-island-3-Bedrooms-3-Bathrooms-EUR652000\/\">More<\/a>\r\n        <\/div>\r\n\t\t\r\n    <\/div>\r\n    <div class=\"wpl-carousel-item\"  >\r\n    <img decoding=\"async\" class=\"\"  src=\"https:\/\/indonesiaproperty.investments\/wp-content\/uploads\/WPL\/109\/thimg_Panjang_Island_I-8_1-_autox300.jpg\" alt=\"Island Panjang, Belitung for sale\" title=\"Panjang Island, Belitung for sale\" height=\"300\" style=\"height: 300px;\" \/>\r\n        <div class=\"title\">\r\n            <h3 >Panjang Island, Belitung for sale<\/h3>\r\n            <h4  style=\"display:none\">Panjang Island, Belitung<\/h4>\r\n            <a  class=\"more_info\" href=\"https:\/\/indonesiaproperty.investments\/cs\/vlastnosti\/109-Island-Panjang-Island-Belitung-EUR450000\/\">More<\/a>\r\n        <\/div>\r\n\t\t\r\n    <\/div>\r\n    <div class=\"wpl-carousel-item\"  >\r\n    <img decoding=\"async\" class=\"\"  src=\"https:\/\/indonesiaproperty.investments\/wp-content\/uploads\/WPL\/103\/thimg_004_1_autox300.jpg\" alt=\"Baliku Dive Resort Amed\" title=\"Baliku Dive Resort\" height=\"300\" style=\"height: 300px;\" \/>\r\n        <div class=\"title\">\r\n            <h3 >Baliku Dive Resort<\/h3>\r\n            <h4  style=\"display:none\">Banyuning, Bali<\/h4>\r\n            <a  class=\"more_info\" href=\"https:\/\/indonesiaproperty.investments\/cs\/vlastnosti\/103-Hotel-Resort-Banyuning-Bali-EUR810000\/\">More<\/a>\r\n        <\/div>\r\n\t\t\r\n    <\/div>\r\n    <div class=\"wpl-carousel-item\"  >\r\n    <img decoding=\"async\" class=\"\"  src=\"https:\/\/indonesiaproperty.investments\/wp-content\/uploads\/WPL\/92\/thimg_Lombok_1-ha_BangkoBangko-7-_autox300.jpg\" alt=\"Land on Lombok Island, Labuan Poh, 8.500 M2\" title=\"Pozemek na ostrov\u011b Lombok, Labuan Poh, 8.500 M2\" height=\"300\" style=\"height: 300px;\" \/>\r\n        <div class=\"title\">\r\n            <h3 >Pozemek na ostrov\u011b Lombok, Labuan Poh, 8.500 M2<\/h3>\r\n            <h4  style=\"display:none\">Labuan Poh, Lombok<\/h4>\r\n            <a  class=\"more_info\" href=\"https:\/\/indonesiaproperty.investments\/cs\/vlastnosti\/92-Land-Labuan-Poh-Lombok-EUR355000\/\">More<\/a>\r\n        <\/div>\r\n\t\t\r\n    <\/div>\r\n    <div class=\"wpl-carousel-item\"  >\r\n    <img decoding=\"async\" class=\"\"  src=\"https:\/\/indonesiaproperty.investments\/wp-content\/uploads\/WPL\/81\/thimg_General-Villas-drone-7_autox300.jpg\" alt=\"Villas Bukit Lipah resort for sale\" title=\"Villas Bukit Resort for sale\" height=\"300\" style=\"height: 300px;\" \/>\r\n        <div class=\"title\">\r\n            <h3 >Villas Bukit Resort for sale<\/h3>\r\n            <h4  style=\"display:none\">Lipah, Bali<\/h4>\r\n            <a  class=\"more_info\" href=\"https:\/\/indonesiaproperty.investments\/cs\/vlastnosti\/81-Hotel-Resort-Lipah-Bali-2-Bedrooms-2-Bathrooms-EUR2000000\/\">More<\/a>\r\n        <\/div>\r\n\t\t\r\n    <\/div>\r\n    <div class=\"wpl-carousel-item\"  >\r\n    <img decoding=\"async\" class=\"\"  src=\"https:\/\/indonesiaproperty.investments\/wp-content\/uploads\/WPL\/73\/thimg_20191010_153826_autox300.jpg\" alt=\"4 Are Land for lease, Jl. Melasti, Amed area, Karangasem, Bali\" title=\"400 m2 Pozemek na pron\u00e1jem, Jl. Melasti,  Amed, Karangasem, Bali\" height=\"300\" style=\"height: 300px;\" \/>\r\n        <div class=\"title\">\r\n            <h3 >400 m2 Pozemek na pron\u00e1jem, Jl. Melasti,  Amed, Karangasem, Bali<\/h3>\r\n            <h4  style=\"display:none\">Jl. Melasti, Amed, Bali<\/h4>\r\n            <a  class=\"more_info\" href=\"https:\/\/indonesiaproperty.investments\/cs\/vlastnosti\/73-Land-Jl-Melasti-Amed-Bali-EUR24000\/\">More<\/a>\r\n        <\/div>\r\n\t\t\r\n    <\/div>\r\n    <div class=\"wpl-carousel-item\"  >\r\n    <img decoding=\"async\" class=\"\"  src=\"https:\/\/indonesiaproperty.investments\/wp-content\/uploads\/WPL\/66\/thimg_P22_Banyuning-Bay_1500-4-_autox300.jpg\" alt=\"Land for sale in Banyuning Bay, Amed, Bali, hotel license 1500 m2\" title=\"Pozemek na prodej v z\u00e1toce Banynuning, Amed, Bali s hotelovou licenc\u00ed 1500 m2\" height=\"300\" style=\"height: 300px;\" \/>\r\n        <div class=\"title\">\r\n            <h3 >Pozemek na prodej v z\u00e1toce Banynuning, Amed, Bali s hotelovou licenc\u00ed 1500 m2<\/h3>\r\n            <h4  style=\"display:none\">Aas, Bali<\/h4>\r\n            <a  class=\"more_info\" href=\"https:\/\/indonesiaproperty.investments\/cs\/vlastnosti\/66-Land-Aas-Bali-EUR247000\/\">More<\/a>\r\n        <\/div>\r\n\t\t\r\n    <\/div>\r\n    <div class=\"wpl-carousel-item\"  >\r\n    <img decoding=\"async\" class=\"\"  src=\"https:\/\/indonesiaproperty.investments\/wp-content\/uploads\/WPL\/55\/thimg_Urai-5-_autox300.jpg\" alt=\"Urai Island, Wayag Blue Lagoon, Raja Ampat, West Papua for lease\" title=\"Ostrov Urai, Wayag Blue Laggon, Raja Ampat, West Papua pron\u00e1jem\" height=\"300\" style=\"height: 300px;\" \/>\r\n        <div class=\"title\">\r\n            <h3 >Ostrov Urai, Wayag Blue Laggon, Raja Ampat, West Papua pron\u00e1jem<\/h3>\r\n            <h4  style=\"display:none\">Urai Island- West Papua<\/h4>\r\n            <a  class=\"more_info\" href=\"https:\/\/indonesiaproperty.investments\/cs\/vlastnosti\/55-Island-Urai-Island-West-Papua-EUR255000\/\">More<\/a>\r\n        <\/div>\r\n\t\t\r\n    <\/div><\/div>\r\n\r\n<script type=\"text\/javascript\">\r\nwplj(function()\r\n{\r\n    wplj(\"#wpl-multi-images-3\").owlCarousel(\r\n    {\r\n        items: 3,\r\n        loop: true,\r\n        nav: true,\r\n        autoplay: true,\r\n        autoplayTimeout: 3000,\r\n        autoplayHoverPause: true,\r\n        navText: false,\r\n        dots: false,\r\n        responsiveClass: true,\r\n        lazyLoad: true,\r\n        rtl: false,\r\n        responsive: {\r\n            0: {\r\n                items: 1,\r\n                nav: false,\r\n                dots: true\r\n            },\r\n            768: {\r\n                items: 2\r\n            },\r\n            1024:{\r\n                items: 3            }\r\n        }\r\n    });\r\n});\r\n<\/script>\r\n<\/div><\/div><\/p>\n<section class=\"av_textblock_section \"  itemscope=\"itemscope\" itemtype=\"https:\/\/schema.org\/CreativeWork\" ><div class='avia_textblock  '   itemprop=\"text\" ><div class=\"wpl_property_listing_container \" id=\"wpl_property_listing_container\">\r\n\t    \r\n        <div class=\"wpl_plisting_top_sidebar_container\">\r\n        <aside id=\"wpl_search_widget-2\" class=\"widget widget_wpl_search_widget\"><div id=\"wpl_default_search_2\">\r\n    <form action=\"https:\/\/indonesiaproperty.investments\/cs\/vlastnosti\/\" id=\"wpl_search_form_2\" method=\"GET\" onsubmit=\"return wpl_do_search_2('wpl_searchwidget_2');\" class=\"wpl_search_from_box clearfix wpl_search_kind0 wpl-search-default \">\r\n\r\n        <!-- Do not change the ID -->\r\n        <div id=\"wpl_searchwidget_2\" class=\"clearfix\">\r\n                        <div class=\"wpl_search_from_box_top\">\r\n                <div class=\"wpl_search_field_container wpl_search_field_property_types wpl_search_field_container_3 multiple_type \" id=\"wpl2_search_field_container_3\" style=\"\"><label>Property Type<\/label><div class=\"wpl_searchwid_property_type_multiselect_container\">\r\n\t\t<select data-placeholder=\"Property Type\" class=\"wpl_search_widget_field_property_type wpl_searchmod_property_type_multiselect\" id=\"sf2_multiple_property_type\" name=\"sf2_multiple_property_type\" multiple=\"multiple\"><option class=\"wpl_pt_parent wpl_pt_parent15\" value=\"18\" >Hotel-Resort<\/option><option class=\"wpl_pt_parent wpl_pt_parent17\" value=\"14\" >Land<\/option><option class=\"wpl_pt_parent wpl_pt_parent16\" value=\"7\" >Villa<\/option><option class=\"wpl_pt_parent wpl_pt_parent17\" value=\"26\" >Development project<\/option><option class=\"wpl_pt_parent wpl_pt_parent17\" value=\"27\" >Island<\/option><\/select><\/div><\/div><div class=\"wpl_search_field_container wpl_search_field_listings wpl_search_field_container_2 multiple_type \" id=\"wpl2_search_field_container_2\" style=\"\"><label for=\"sf2_select_listing\">Listing Type<\/label><div class=\"wpl_searchwid_listing_multiselect_container\">\r\n\t\t<select data-placeholder=\"Listing Type\"  data-placeholder=\"Listing Type\" class=\"wpl_searchmod_listing_multiselect\" id=\"sf2_multiple_listing\" name=\"sf2_multiple_listing\" multiple=\"multiple\"><option value=\"9\" >For Sale<\/option><option value=\"14\" >For Rent<\/option><option value=\"17\" >For Lease<\/option><\/select><\/div><\/div><div class=\"wpl_search_field_container wpl_search_field_price wpl_search_field_container_6 minmax_slider_type \" id=\"wpl2_search_field_container_6\" style=\"\"><label>Price<\/label><input type=\"hidden\" class=\"wpl_search_widget_field_unit\" name=\"sf2_unit_price\" id=\"sf2_unit_price\" value=\"150\" \/><span class=\"wpl_search_slider_container wpl_listing_price_sale \">\r\n                    <input type=\"hidden\" value=\"0\" name=\"sf2_min_price\" id=\"sf2_min_price_sale\" class=\"wpl_search_widget_price_field \" \/><input type=\"hidden\" value=\"1000000\" name=\"sf2_max_price\" id=\"sf2_max_price_sale\" class=\"wpl_search_widget_price_field \" \/>\r\n                    <span class=\"wpl_slider_show_value\" id=\"slider2_showvalue_price_sale\">0 - 1,000,000<\/span>\r\n                    <span class=\"wpl_span_block\" style=\"width: 92%; height: 20px;\"><span class=\"wpl_span_block\" id=\"slider2_range_price_sale\"><\/span><\/span>\r\n                    <\/span><span class=\"wpl_search_slider_container wpl_listing_price_rental wpl-util-hidden\">\r\n                    <input type=\"hidden\" value=\"0\" name=\"sf2_min_price\" id=\"sf2_min_price_rental\" class=\"wpl_search_widget_price_field wpl-exclude-search-widget\" \/><input type=\"hidden\" value=\"1000000\" name=\"sf2_max_price\" id=\"sf2_max_price_rental\" class=\"wpl_search_widget_price_field wpl-exclude-search-widget\" \/>\r\n                    <span class=\"wpl_slider_show_value\" id=\"slider2_showvalue_price_rental\">0 - 1,000,000<\/span>\r\n                    <span class=\"wpl_span_block\" style=\"width: 92%; height: 20px;\"><span class=\"wpl_span_block\" id=\"slider2_range_price_rental\"><\/span><\/span>\r\n                    <\/span><\/div><div class=\"wpl_search_field_container wpl_search_field_locations wpl_search_field_container_41 multiselect_dropdown_type \" id=\"wpl2_search_field_container_41\" style=\"\"><label for=\"sf2_multiple_location2_name\">Island<\/label>\r\n        <select data-placeholder=\"Island\" multiple name=\"sf2_multiple_location2_name\" id=\"sf2_multiple_location2_name\" class=\"wpl_search_widget_field_41_select\"><option value=\"Bali\" >Bali<\/option><option value=\"Belitung\" >Belitung<\/option><option value=\"Lombok\" >Lombok<\/option><option value=\"Rote island\" >Rote island<\/option><option value=\"Sumba\" >Sumba<\/option><option value=\"West Papua\" >West Papua<\/option><\/select><label for=\"sf2_multiple_location3_name\">Regency<\/label>\r\n        <select data-placeholder=\"Regency\" multiple name=\"sf2_multiple_location3_name\" id=\"sf2_multiple_location3_name\" class=\"wpl_search_widget_field_41_select\"><option value=\"Belitung\" >Belitung<\/option><option value=\"Karangasem\" >Karangasem<\/option><option value=\"Kuning\" >Kuning<\/option><option value=\"Lombok\" >Lombok<\/option><option value=\"Rote Island\" >Rote Island<\/option><option value=\"Sumba\" >Sumba<\/option><option value=\"West Papua\" >West Papua<\/option><\/select><\/div>                                <div class=\"search_submit_box\">\r\n                    <input id=\"wpl_search_widget_submit2\" class=\"wpl_search_widget_submit\" data-widget-id=\"2\" data-ajax=\"0\" data-search-page=\"https:\/\/indonesiaproperty.investments\/cs\/vlastnosti\/\" data-kind=\"0\" data-nounce=\"b71314a94c\" type=\"submit\" value=\"Search\"  \/>\r\n                                    <\/div>\r\n                                            <\/div>\r\n            <div class=\"wpl_search_from_box_bot\" id=\"wpl_search_from_box_bot2\">\r\n                            <\/div>\r\n        <\/div>\r\n            <\/form>\r\n<\/div>\r\n\r\n<\/aside>    <\/div>\r\n        \r\n        <div class=\"wpl_property_listing_list_view_container\">\r\n        \r\n<div class=\"wpl_sort_options_container\">\r\n\r\n            <div class=\"wpl_sort_options_container_title\">Sort Option<\/div>\r\n        <div class=\"wpl-sort-options-list active \"><ul><li><div class=\"wpl_plist_sort\" onclick=\"wpl_page_sortchange('wplorderby=p.price_si&amp;wplorder=DESC');\">Price<\/div><\/li><li><div class=\"wpl_plist_sort\" onclick=\"wpl_page_sortchange('wplorderby=p.add_date&amp;wplorder=DESC');\">Add date<\/div><\/li><li><div class=\"wpl_plist_sort\" onclick=\"wpl_page_sortchange('wplorderby=p.property_type&amp;wplorder=DESC');\">Property Type<\/div><\/li><\/ul><\/div>\r\n        <span class=\"wpl-sort-options-selectbox  wpl-util-hidden\"><select class=\"wpl_plist_sort\" onchange=\"wpl_page_sortchange(this.value);\"><option value=\"wplorderby=p.price_si&amp;wplorder=DESC\" >Price descending<\/option><option value=\"wplorderby=p.price_si&amp;wplorder=ASC\" >Price ascending<\/option><option value=\"wplorderby=p.add_date&amp;wplorder=DESC\" >Add date descending<\/option><option value=\"wplorderby=p.add_date&amp;wplorder=ASC\" >Add date ascending<\/option><option value=\"wplorderby=p.property_type&amp;wplorder=DESC\" >Property Type descending<\/option><option value=\"wplorderby=p.property_type&amp;wplorder=ASC\" >Property Type ascending<\/option><\/select><\/span>\r\n        \r\n    \r\n        \r\n        <div class=\"wpl-print-rp-wp\">\r\n        <a class=\"wpl-print-rp-link\" href=\"#\" onclick=\"wpl_generate_print_rp();\"><span><i class=\"fa fa-print\"><\/i><\/span><\/a>\r\n    <\/div>\r\n        \r\n        \r\n    <\/div>\r\n\r\n<div class=\"wpl-row wpl-expanded   wpl_property_listing_listings_container clearfix\">\r\n\r\n    \r\n    \r\n<\/div>\r\n\r\n<div class=\"wpl_pagination_container\">\r\n    <ul class=\"pagination\"><li class=\"prev disabled\"><a href=\"#\">Previous<\/a><\/li><li class=\"active\"><a href=\"#\">1<\/a><\/li><li><a href=\"https:\/\/indonesiaproperty.investments\/cs\/wp-json\/wp\/v2\/pages\/124?wplpage=2\">2<\/a><\/li><li class=\"next\"><a href=\"https:\/\/indonesiaproperty.investments\/cs\/wp-json\/wp\/v2\/pages\/124?wplpage=2\">Next<\/a><\/ul>\n<span class=\"wpl_total_result\">24 Results returned.<\/span><span class=\"wpl_page_size\"><span class=\"wpl_page_size_title\">Per Page <\/span><select class=\"wpl_page_size_options\" onchange=\"wpl_pagesize_changed(this.value);\"><option value=\"6\" >6<\/option><option value=\"12\" selected=\"selected\">12<\/option><option value=\"18\" >18<\/option><option value=\"24\" >24<\/option><option value=\"30\" >30<\/option><option value=\"100\" >100<\/option><\/select><\/span><\/div>\r\n    <\/div>\r\n    \r\n        <div id=\"wpl_plisting_lightbox_content_container\" class=\"wpl-util-hidden\"><\/div>\r\n\r\n        <a id=\"wpl_favorites_lightbox\" class=\"wpl-util-hidden\" data-realtyna-href=\"#wpl_plisting_lightbox_content_container\" data-realtyna-lightbox-opts=\"title:Login to continue\"><\/a>\r\n\r\n<\/div>\r\n\r\n\r\n\n<\/div><\/section>\n<div class=\"flex_column av_one_full  av-animated-generic pop-up  flex_column_div av-zero-column-padding first  avia-builder-el-3  el_after_av_textblock  avia-builder-el-last  column-top-margin\" style='border-radius:0px; '><\/div>\n","protected":false},"excerpt":{"rendered":"","protected":false},"author":1,"featured_media":0,"parent":0,"menu_order":0,"comment_status":"closed","ping_status":"closed","template":"","meta":{"footnotes":""},"class_list":["post-124","page","type-page","status-publish","hentry"],"_links":{"self":[{"href":"https:\/\/indonesiaproperty.investments\/cs\/wp-json\/wp\/v2\/pages\/124","targetHints":{"allow":["GET"]}}],"collection":[{"href":"https:\/\/indonesiaproperty.investments\/cs\/wp-json\/wp\/v2\/pages"}],"about":[{"href":"https:\/\/indonesiaproperty.investments\/cs\/wp-json\/wp\/v2\/types\/page"}],"author":[{"embeddable":true,"href":"https:\/\/indonesiaproperty.investments\/cs\/wp-json\/wp\/v2\/users\/1"}],"replies":[{"embeddable":true,"href":"https:\/\/indonesiaproperty.investments\/cs\/wp-json\/wp\/v2\/comments?post=124"}],"version-history":[{"count":30,"href":"https:\/\/indonesiaproperty.investments\/cs\/wp-json\/wp\/v2\/pages\/124\/revisions"}],"predecessor-version":[{"id":864,"href":"https:\/\/indonesiaproperty.investments\/cs\/wp-json\/wp\/v2\/pages\/124\/revisions\/864"}],"wp:attachment":[{"href":"https:\/\/indonesiaproperty.investments\/cs\/wp-json\/wp\/v2\/media?parent=124"}],"curies":[{"name":"wp","href":"https:\/\/api.w.org\/{rel}","templated":true}]}}